{"id":888,"date":"2022-06-10T20:55:57","date_gmt":"2022-06-10T20:55:57","guid":{"rendered":"https:\/\/tigmconsulting-us.com\/?page_id=888"},"modified":"2022-06-11T17:23:12","modified_gmt":"2022-06-11T17:23:12","slug":"experiencia-industria-venta-minorista-retail","status":"publish","type":"page","link":"https:\/\/tigmconsulting-us.com\/en\/experiencia-industria-venta-minorista-retail\/","title":{"rendered":"Experience \u2013 Industry \u2013 Retail"},"content":{"rendered":"<div data-vc-full-width=\"true\" data-vc-full-width-init=\"false\" class=\"vc_row wpb_row vc_row-fluid vc_custom_1576728938967 vc_row-has-fill vc_row-o-content-bottom vc_row-flex\"><div class=\"wpb_column vc_column_container vc_col-sm-12\"><div class=\"vc_column-inner\"><div class=\"wpb_wrapper\"><h2 style=\"text-align: left;font-family:Lato;font-weight:300;font-style:normal\" class=\"vc_custom_heading\" >Experience - Industry - Retail Sales<\/h2><\/div><\/div><\/div><\/div><div class=\"vc_row-full-width vc_clearfix\"><\/div><div data-vc-full-width=\"true\" data-vc-full-width-init=\"false\" class=\"vc_row wpb_row vc_row-fluid vc_custom_1576730169692 vc_row-has-fill vc_row-o-content-middle vc_row-flex\"><div class=\"wpb_column vc_column_container vc_col-sm-12\"><div class=\"vc_column-inner\"><div class=\"wpb_wrapper\"><h4 style=\"color: #0a0a0a;text-align: justify;font-family:Lato;font-weight:300;font-style:normal\" class=\"vc_custom_heading\" >We are passionate about improving customer management processes and customer experience for each of our clients by applying the best practices, requirements and strategy of their business and our previous experience.<\/h4><div class=\"vc_separator wpb_content_element vc_separator_align_center vc_sep_width_20 vc_sep_pos_align_center vc_separator_no_text vc_sep_color_white\" ><span class=\"vc_sep_holder vc_sep_holder_l\"><span  class=\"vc_sep_line\"><\/span><\/span><span class=\"vc_sep_holder vc_sep_holder_r\"><span  class=\"vc_sep_line\"><\/span><\/span>\n<\/div><h4 style=\"color: #0a0a0a;text-align: justify;font-family:Lato;font-weight:300;font-style:normal\" class=\"vc_custom_heading\" >Below is our project experience to date:<\/h4><div class=\"vc_separator wpb_content_element vc_separator_align_center vc_sep_width_20 vc_sep_pos_align_center vc_separator_no_text vc_sep_color_white\" ><span class=\"vc_sep_holder vc_sep_holder_l\"><span  class=\"vc_sep_line\"><\/span><\/span><span class=\"vc_sep_holder vc_sep_holder_r\"><span  class=\"vc_sep_line\"><\/span><\/span>\n<\/div><div class=\"vc_separator wpb_content_element vc_separator_align_center vc_sep_width_100 vc_sep_border_width_3 vc_sep_pos_align_center vc_separator_no_text vc_sep_color_grey\" ><span class=\"vc_sep_holder vc_sep_holder_l\"><span  class=\"vc_sep_line\"><\/span><\/span><span class=\"vc_sep_holder vc_sep_holder_r\"><span  class=\"vc_sep_line\"><\/span><\/span>\n<\/div><div class=\"vc_row wpb_row vc_inner vc_row-fluid\"><div class=\"wpb_column vc_column_container vc_col-sm-12\"><div class=\"vc_column-inner\"><div class=\"wpb_wrapper\"><\/div><\/div><\/div><\/div><\/div><\/div><\/div><div class=\"wpb_column vc_column_container vc_col-sm-12\"><div class=\"vc_column-inner\"><div class=\"wpb_wrapper\"><div class=\"vc_empty_space\"   style=\"height: 32px\"><span class=\"vc_empty_space_inner\"><\/span><\/div>\n\t<div  class=\"wpb_single_image wpb_content_element vc_align_left\">\n\t\t\n\t\t<figure class=\"wpb_wrapper vc_figure\">\n\t\t\t<a href=\"https:\/\/www.cemaco.com\/\" target=\"_self\" class=\"vc_single_image-wrapper   vc_box_border_grey\"><img loading=\"lazy\" decoding=\"async\" width=\"150\" height=\"150\" src=\"https:\/\/tigmconsulting-us.com\/wp-content\/uploads\/2022\/05\/8k-waRsG_400x400-150x150.jpeg\" class=\"vc_single_image-img attachment-thumbnail\" alt=\"\" srcset=\"https:\/\/tigmconsulting-us.com\/wp-content\/uploads\/2022\/05\/8k-waRsG_400x400-150x150.jpeg 150w, https:\/\/tigmconsulting-us.com\/wp-content\/uploads\/2022\/05\/8k-waRsG_400x400-300x300.jpeg 300w, https:\/\/tigmconsulting-us.com\/wp-content\/uploads\/2022\/05\/8k-waRsG_400x400.jpeg 400w\" sizes=\"(max-width: 150px) 100vw, 150px\" \/><\/a>\n\t\t<\/figure>\n\t<\/div>\n\n\t<div class=\"wpb_text_column wpb_content_element\" >\n\t\t<div class=\"wpb_wrapper\">\n\t\t\t<p><strong><span class=\"NormalTextRun SCXW253823239 BCX0\"><em>Company name: <\/em><\/span><\/strong><span class=\"NormalTextRun SCXW253823239 BCX0\">CEMACO<\/span><\/p>\n<p><em><strong>Project name: <\/strong><\/em>Application of improvements to SAP Sales Cloud Solution<\/p>\n<p><em><strong><span class=\"NormalTextRun SCXW112463203 BCX0\">Project dates<\/span><\/strong><\/em><span class=\"NormalTextRun SCXW112463203 BCX0\"><em><strong>:\u00a0<\/strong><\/em>sea. 2021 \u2013 July 2021<\/span><\/p>\n<p><em><strong><span class=\"NormalTextRun SCXW193961516 BCX0\">Project Scope:<\/span><\/strong><\/em><\/p>\n<p>\u2013 Implementation of calculation in quotes aligned to the POS system<br \/>\n\u2013 Adjustments to PDF formats of the commercial area for the sales process.<\/p>\n<p>The quoting process was optimized to improve customer service and commercial management time.<\/p>\n<p><em><span class=\"TextRun SCXW203391881 BCX0\" lang=\"ES-ES\" xml:lang=\"ES-ES\" data-contrast=\"auto\"><span class=\"NormalTextRun SCXW203391881 BCX0\"><strong>Industry:\u00a0<\/strong><\/span><\/span><\/em><span class=\"TextRun SCXW203391881 BCX0\" lang=\"ES-ES\" xml:lang=\"ES-ES\" data-contrast=\"auto\"><span class=\"NormalTextRun SCXW203391881 BCX0\">Retail sale<\/span><\/span><\/p>\n<p><em><strong>Country:<\/strong>\u00a0<\/em>Guatemala<\/p>\n<p><em><strong>Web page<\/strong><\/em>: <a href=\"https:\/\/www.cemaco.com\/\">https:\/\/www.cemaco.com\/<\/a><\/p>\n\n\t\t<\/div>\n\t<\/div>\n<div class=\"vc_empty_space\"   style=\"height: 32px\"><span class=\"vc_empty_space_inner\"><\/span><\/div><div class=\"vc_separator wpb_content_element vc_separator_align_center vc_sep_width_100 vc_sep_border_width_3 vc_sep_pos_align_center vc_separator_no_text vc_sep_color_grey\" ><span class=\"vc_sep_holder vc_sep_holder_l\"><span  class=\"vc_sep_line\"><\/span><\/span><span class=\"vc_sep_holder vc_sep_holder_r\"><span  class=\"vc_sep_line\"><\/span><\/span>\n<\/div><div class=\"vc_empty_space\"   style=\"height: 32px\"><span class=\"vc_empty_space_inner\"><\/span><\/div>\n\t<div  class=\"wpb_single_image wpb_content_element vc_align_left\">\n\t\t\n\t\t<figure class=\"wpb_wrapper vc_figure\">\n\t\t\t<a href=\"http:\/\/www.decono.mx\/\" target=\"_self\" class=\"vc_single_image-wrapper   vc_box_border_grey\"><img loading=\"lazy\" decoding=\"async\" width=\"150\" height=\"52\" src=\"https:\/\/tigmconsulting-us.com\/wp-content\/uploads\/2022\/05\/admin-ajax-_1_-150x52.jpg\" class=\"vc_single_image-img attachment-thumbnail\" alt=\"\" \/><\/a>\n\t\t<\/figure>\n\t<\/div>\n<div class=\"vc_empty_space\"   style=\"height: 32px\"><span class=\"vc_empty_space_inner\"><\/span><\/div>\n\t<div class=\"wpb_text_column wpb_content_element\" >\n\t\t<div class=\"wpb_wrapper\">\n\t\t\t<p><strong><span class=\"NormalTextRun SCXW253823239 BCX0\"><em>Company name: <\/em><\/span><\/strong><span class=\"NormalTextRun SCXW253823239 BCX0\">DECON<\/span><\/p>\n<p><em><strong>Project name:<\/strong><\/em> SAP Sales &amp; Service cloud Implementation Project for DECONO.<\/p>\n<p><em><strong><span class=\"NormalTextRun SCXW112463203 BCX0\">Project dates<\/span><\/strong><\/em><span class=\"NormalTextRun SCXW112463203 BCX0\"><em><strong>: <\/strong><\/em>jul. 2020 \u2013 Feb. 2021<\/span><\/p>\n<p><em><strong>Project Scope:<\/strong><\/em><br \/>\n\u2013 SAP Sales cloud integration with SAP ERP for Master Data and business process<br \/>\n\u2013 Management of campaigns via email for direct clients<br \/>\n\u2013 Commercial Management for development of new clients, quotes and orders<br \/>\n\u2013 Customer service management<\/p>\n<p><em><span class=\"TextRun SCXW203391881 BCX0\" lang=\"ES-ES\" xml:lang=\"ES-ES\" data-contrast=\"auto\"><span class=\"NormalTextRun SCXW203391881 BCX0\"><strong>Industry: <\/strong><\/span><\/span><\/em><span class=\"TextRun SCXW203391881 BCX0\" lang=\"ES-ES\" xml:lang=\"ES-ES\" data-contrast=\"auto\"><span class=\"NormalTextRun SCXW203391881 BCX0\">Hardware store<\/span><\/span><\/p>\n<p><span class=\"TextRun SCXW38490387 BCX0\" lang=\"ES-ES\" xml:lang=\"ES-ES\" data-contrast=\"auto\"><span class=\"NormalTextRun SCXW38490387 BCX0\"><em><strong>Country:<\/strong>\u00a0<\/em>Hermosillo, Sonora, Mexico<\/span><\/span><\/p>\n<p><em><strong>Web page:<\/strong><\/em> <a href=\"http:\/\/www.decono.mx\/\">http:\/\/www.decono.mx\/<\/a><\/p>\n\n\t\t<\/div>\n\t<\/div>\n<div class=\"vc_empty_space\"   style=\"height: 32px\"><span class=\"vc_empty_space_inner\"><\/span><\/div><div class=\"vc_separator wpb_content_element vc_separator_align_center vc_sep_width_100 vc_sep_border_width_3 vc_sep_pos_align_center vc_separator_no_text vc_sep_color_grey\" ><span class=\"vc_sep_holder vc_sep_holder_l\"><span  class=\"vc_sep_line\"><\/span><\/span><span class=\"vc_sep_holder vc_sep_holder_r\"><span  class=\"vc_sep_line\"><\/span><\/span>\n<\/div>\n\t<div  class=\"wpb_single_image wpb_content_element vc_align_left\">\n\t\t\n\t\t<figure class=\"wpb_wrapper vc_figure\">\n\t\t\t<a href=\"https:\/\/www.decorceramica.com\/\" target=\"_self\" class=\"vc_single_image-wrapper   vc_box_border_grey\"><img loading=\"lazy\" decoding=\"async\" width=\"100\" height=\"48\" src=\"https:\/\/tigmconsulting-us.com\/wp-content\/uploads\/2022\/05\/AnyConv.com__admin-ajax-4.jpg\" class=\"vc_single_image-img attachment-thumbnail\" alt=\"\" \/><\/a>\n\t\t<\/figure>\n\t<\/div>\n<div class=\"vc_empty_space\"   style=\"height: 32px\"><span class=\"vc_empty_space_inner\"><\/span><\/div>\n\t<div class=\"wpb_text_column wpb_content_element\" >\n\t\t<div class=\"wpb_wrapper\">\n\t\t\t<p><strong><span class=\"NormalTextRun SCXW253823239 BCX0\"><em>Company name: <\/em><\/span><\/strong><span class=\"NormalTextRun SCXW253823239 BCX0\">DECORCERAMIC<\/span><\/p>\n<p><em><strong>Project name:<\/strong><\/em> SAP CRM implementation for commercial process and customer service<\/p>\n<p><em><strong><span class=\"NormalTextRun SCXW112463203 BCX0\">Project dates<\/span><\/strong><\/em><span class=\"NormalTextRun SCXW112463203 BCX0\"><em><strong>:\u00a0<\/strong><\/em>oct. 2012 \u2013 Aug. 2013<\/span><\/p>\n<p><em><strong>Project Scope:<\/strong><\/em><br \/>\n\u2013 Lead Management<br \/>\n- Commercial management<br \/>\n\u2013 Attention to Requests, Complaints and Claims<\/p>\n<p><em><span class=\"TextRun SCXW203391881 BCX0\" lang=\"ES-ES\" xml:lang=\"ES-ES\" data-contrast=\"auto\"><span class=\"NormalTextRun SCXW203391881 BCX0\"><strong>Industry:<\/strong>\u00a0<\/span><\/span><\/em><span class=\"TextRun SCXW203391881 BCX0\" lang=\"ES-ES\" xml:lang=\"ES-ES\" data-contrast=\"auto\"><span class=\"NormalTextRun SCXW203391881 BCX0\">Construction<\/span><\/span><\/p>\n<p><span class=\"TextRun SCXW38490387 BCX0\" lang=\"ES-ES\" xml:lang=\"ES-ES\" data-contrast=\"auto\"><span class=\"NormalTextRun SCXW38490387 BCX0\"><em><strong>Country: <\/strong><\/em>Cali, Cauca Valley, Colombia<\/span><\/span><\/p>\n<p><em><strong>Web page:<\/strong><\/em> <a href=\"https:\/\/www.decorceramica.com\/\">https:\/\/www.decorceramica.com\/<\/a><\/p>\n\n\t\t<\/div>\n\t<\/div>\n<div class=\"vc_empty_space\"   style=\"height: 32px\"><span class=\"vc_empty_space_inner\"><\/span><\/div><div class=\"vc_separator wpb_content_element vc_separator_align_center vc_sep_width_100 vc_sep_border_width_3 vc_sep_pos_align_center vc_separator_no_text vc_sep_color_grey\" ><span class=\"vc_sep_holder vc_sep_holder_l\"><span  class=\"vc_sep_line\"><\/span><\/span><span class=\"vc_sep_holder vc_sep_holder_r\"><span  class=\"vc_sep_line\"><\/span><\/span>\n<\/div>\n\t<div  class=\"wpb_single_image wpb_content_element vc_align_left\">\n\t\t\n\t\t<figure class=\"wpb_wrapper vc_figure\">\n\t\t\t<a href=\"https:\/\/www.velez.com.co\/\" target=\"_self\" class=\"vc_single_image-wrapper   vc_box_border_grey\"><img loading=\"lazy\" decoding=\"async\" width=\"150\" height=\"150\" src=\"https:\/\/tigmconsulting-us.com\/wp-content\/uploads\/2019\/12\/velez.jpg\" class=\"vc_single_image-img attachment-thumbnail\" alt=\"logo-velez\" \/><\/a>\n\t\t<\/figure>\n\t<\/div>\n\n\t<div class=\"wpb_text_column wpb_content_element\" >\n\t\t<div class=\"wpb_wrapper\">\n\t\t\t<p><strong><span class=\"NormalTextRun SCXW253823239 BCX0\"><em>Company name: <\/em><\/span><\/strong><span class=\"NormalTextRun SCXW253823239 BCX0\">Velez Leathers<\/span><\/p>\n<p><em><strong>Project name:<\/strong><\/em> SAP CRM implementation<\/p>\n<p><em><strong><span class=\"NormalTextRun SCXW112463203 BCX0\">Project dates<\/span><\/strong><\/em><span class=\"NormalTextRun SCXW112463203 BCX0\"><em><strong>:\u00a0<\/strong><\/em>oct. 2012 \u2013 July 2013<\/span><\/p>\n<p><em><strong>Project Scope:<\/strong><\/em><br \/>\n\u2013 Loyalty Program<br \/>\n\u2013 Management of marketing campaigns<br \/>\n\u2013 Customer complaints management<\/p>\n<p><em><span class=\"TextRun SCXW203391881 BCX0\" lang=\"ES-ES\" xml:lang=\"ES-ES\" data-contrast=\"auto\"><span class=\"NormalTextRun SCXW203391881 BCX0\"><strong>Industry:<\/strong>\u00a0<\/span><\/span><\/em><span class=\"TextRun SCXW203391881 BCX0\" lang=\"ES-ES\" xml:lang=\"ES-ES\" data-contrast=\"auto\"><span class=\"NormalTextRun SCXW203391881 BCX0\">Textile and fashion industry for retail sale<\/span><\/span><\/p>\n<p><span class=\"TextRun SCXW38490387 BCX0\" lang=\"ES-ES\" xml:lang=\"ES-ES\" data-contrast=\"auto\"><span class=\"NormalTextRun SCXW38490387 BCX0\"><em><strong>Country:\u00a0<\/strong><\/em>Medellin, Antioquia, Colombia<\/span><\/span><\/p>\n<p><em><strong>Web page:<\/strong><\/em> <a href=\"https:\/\/www.velez.com.co\/\">https:\/\/www.velez.com.co\/<\/a><\/p>\n\n\t\t<\/div>\n\t<\/div>\n<div class=\"vc_empty_space\"   style=\"height: 32px\"><span class=\"vc_empty_space_inner\"><\/span><\/div><div class=\"vc_empty_space\"   style=\"height: 32px\"><span class=\"vc_empty_space_inner\"><\/span><\/div><div class=\"vc_separator wpb_content_element vc_separator_align_center vc_sep_width_100 vc_sep_border_width_3 vc_sep_pos_align_center vc_separator_no_text vc_sep_color_grey\" ><span class=\"vc_sep_holder vc_sep_holder_l\"><span  class=\"vc_sep_line\"><\/span><\/span><span class=\"vc_sep_holder vc_sep_holder_r\"><span  class=\"vc_sep_line\"><\/span><\/span>\n<\/div>\n\t<div  class=\"wpb_single_image wpb_content_element vc_align_left\">\n\t\t\n\t\t<figure class=\"wpb_wrapper vc_figure\">\n\t\t\t<div class=\"vc_single_image-wrapper   vc_box_border_grey\"><img loading=\"lazy\" decoding=\"async\" width=\"100\" height=\"100\" src=\"https:\/\/tigmconsulting-us.com\/wp-content\/uploads\/2022\/06\/1519891167090.jpg\" class=\"vc_single_image-img attachment-thumbnail\" alt=\"\" srcset=\"https:\/\/tigmconsulting-us.com\/wp-content\/uploads\/2022\/06\/1519891167090.jpg 100w, https:\/\/tigmconsulting-us.com\/wp-content\/uploads\/2022\/06\/1519891167090-12x12.jpg 12w\" sizes=\"(max-width: 100px) 100vw, 100px\" \/><\/div>\n\t\t<\/figure>\n\t<\/div>\n<div class=\"vc_empty_space\"   style=\"height: 32px\"><span class=\"vc_empty_space_inner\"><\/span><\/div>\n\t<div class=\"wpb_text_column wpb_content_element\" >\n\t\t<div class=\"wpb_wrapper\">\n\t\t\t<p><strong><span class=\"NormalTextRun SCXW253823239 BCX0\"><em>Company name: <\/em><\/span><\/strong><span class=\"NormalTextRun SCXW253823239 BCX0\">EPA<\/span><\/p>\n<p><strong>Project name:<\/strong> SAP CRM implementation integrated with the Telephony platform (CTI)<\/p>\n<p><strong>Project dates:<\/strong> nov. 2002 \u2013 Mar. 2003<\/p>\n<p><strong>Project scope:<\/strong><\/p>\n<p>\u2013 Implementation of SAP CRM Service, Interaction Center and CTI integration<br \/>\n\u2013 Understanding of requirements<br \/>\n\u2013 Design of solution supported in SAP CRM<br \/>\n\u2013 Implementation of processes defined in scope.<br \/>\n\u2013 Implemented functionality:<br \/>\n- Organizational structure<br \/>\n\u2013 Commercial Interlocutor<br \/>\n\u2013 Management of Sales Activities<br \/>\n\u2013 Management of Claims and Customer Requests<\/p>\n<p><strong>Industry:<\/strong> Retail sale<\/p>\n<p><strong>Country:<\/strong> Venezuela<br \/>\n<strong>Web page<\/strong>: <a href=\"https:\/\/ve.epaenlinea.com\/\">https:\/\/ve.epaenlinea.com\/<\/a><\/p>\n\n\t\t<\/div>\n\t<\/div>\n<div class=\"vc_empty_space\"   style=\"height: 32px\"><span class=\"vc_empty_space_inner\"><\/span><\/div><div class=\"vc_separator wpb_content_element vc_separator_align_center vc_sep_width_100 vc_sep_border_width_3 vc_sep_pos_align_center vc_separator_no_text vc_sep_color_grey\" ><span class=\"vc_sep_holder vc_sep_holder_l\"><span  class=\"vc_sep_line\"><\/span><\/span><span class=\"vc_sep_holder vc_sep_holder_r\"><span  class=\"vc_sep_line\"><\/span><\/span>\n<\/div><\/div><\/div><\/div><\/div><div class=\"vc_row-full-width vc_clearfix\"><\/div>","protected":false},"excerpt":{"rendered":"Experience - Industry - Retail We are passionate about improving customer management and customer experience processes for each of our clients by applying best practices, requirements, and strategies to their business, along with our prior experience. Below is our project experience to date: Company Name: CEMACO Company Name: [...]","protected":false},"author":1,"featured_media":0,"parent":0,"menu_order":0,"comment_status":"closed","ping_status":"closed","template":"","meta":{"footnotes":""},"categories":[47,35],"tags":[46],"class_list":["post-888","page","type-page","status-publish","hentry","category-experiencia-tigm-consulting","category-industria-venta-minorista-retail","tag-experienciatigmconsulting"],"yoast_head":"<!-- This site is optimized with the Yoast SEO plugin v22.9 - https:\/\/yoast.com\/wordpress\/plugins\/seo\/ -->\n<title>Experiencia - Industria - Venta Minorista (Retail) - TIGM Consulting<\/title>\n<meta name=\"robots\" content=\"index, follow, max-snippet:-1, max-image-preview:large, max-video-preview:-1\" \/>\n<link rel=\"canonical\" href=\"https:\/\/tigmconsulting-us.com\/en\/experiencia-industria-venta-minorista-retail\/\" \/>\n<meta property=\"og:locale\" content=\"en_US\" \/>\n<meta property=\"og:type\" content=\"article\" \/>\n<meta property=\"og:title\" content=\"Experiencia - Industria - Venta Minorista (Retail) - TIGM Consulting\" \/>\n<meta property=\"og:url\" content=\"https:\/\/tigmconsulting-us.com\/en\/experiencia-industria-venta-minorista-retail\/\" \/>\n<meta property=\"og:site_name\" content=\"TIGM Consulting\" \/>\n<meta property=\"article:modified_time\" content=\"2022-06-11T17:23:12+00:00\" \/>\n<meta name=\"twitter:card\" content=\"summary_large_image\" \/>\n<meta name=\"twitter:label1\" content=\"Est. reading time\" \/>\n\t<meta name=\"twitter:data1\" content=\"2 minutes\" \/>\n<script type=\"application\/ld+json\" class=\"yoast-schema-graph\">{\"@context\":\"https:\/\/schema.org\",\"@graph\":[{\"@type\":\"WebPage\",\"@id\":\"https:\/\/tigmconsulting-us.com\/experiencia-industria-venta-minorista-retail\/\",\"url\":\"https:\/\/tigmconsulting-us.com\/experiencia-industria-venta-minorista-retail\/\",\"name\":\"Experiencia - Industria - Venta Minorista (Retail) - TIGM Consulting\",\"isPartOf\":{\"@id\":\"https:\/\/tigmconsulting-us.com\/#website\"},\"datePublished\":\"2022-06-10T20:55:57+00:00\",\"dateModified\":\"2022-06-11T17:23:12+00:00\",\"breadcrumb\":{\"@id\":\"https:\/\/tigmconsulting-us.com\/experiencia-industria-venta-minorista-retail\/#breadcrumb\"},\"inLanguage\":\"en-US\",\"potentialAction\":[{\"@type\":\"ReadAction\",\"target\":[\"https:\/\/tigmconsulting-us.com\/experiencia-industria-venta-minorista-retail\/\"]}]},{\"@type\":\"BreadcrumbList\",\"@id\":\"https:\/\/tigmconsulting-us.com\/experiencia-industria-venta-minorista-retail\/#breadcrumb\",\"itemListElement\":[{\"@type\":\"ListItem\",\"position\":1,\"name\":\"Home\",\"item\":\"https:\/\/tigmconsulting-us.com\/\"},{\"@type\":\"ListItem\",\"position\":2,\"name\":\"Experiencia &#8211; Industria &#8211; Venta Minorista (Retail)\"}]},{\"@type\":\"WebSite\",\"@id\":\"https:\/\/tigmconsulting-us.com\/#website\",\"url\":\"https:\/\/tigmconsulting-us.com\/\",\"name\":\"TIGM Consulting\",\"description\":\"Tecnolog\u00eda e innovaci\u00f3n en gesti\u00f3n de mercado\",\"publisher\":{\"@id\":\"https:\/\/tigmconsulting-us.com\/#organization\"},\"potentialAction\":[{\"@type\":\"SearchAction\",\"target\":{\"@type\":\"EntryPoint\",\"urlTemplate\":\"https:\/\/tigmconsulting-us.com\/?s={search_term_string}\"},\"query-input\":\"required name=search_term_string\"}],\"inLanguage\":\"en-US\"},{\"@type\":\"Organization\",\"@id\":\"https:\/\/tigmconsulting-us.com\/#organization\",\"name\":\"TIGM\",\"url\":\"https:\/\/tigmconsulting-us.com\/\",\"logo\":{\"@type\":\"ImageObject\",\"inLanguage\":\"en-US\",\"@id\":\"https:\/\/tigmconsulting-us.com\/#\/schema\/logo\/image\/\",\"url\":\"https:\/\/tigmconsulting-us.com\/wp-content\/uploads\/2019\/11\/img-logo-v1.png\",\"contentUrl\":\"https:\/\/tigmconsulting-us.com\/wp-content\/uploads\/2019\/11\/img-logo-v1.png\",\"width\":139,\"height\":113,\"caption\":\"TIGM\"},\"image\":{\"@id\":\"https:\/\/tigmconsulting-us.com\/#\/schema\/logo\/image\/\"}}]}<\/script>\n<!-- \/ Yoast SEO plugin. -->","yoast_head_json":{"title":"Experiencia - Industria - Venta Minorista (Retail) - TIGM Consulting","robots":{"index":"index","follow":"follow","max-snippet":"max-snippet:-1","max-image-preview":"max-image-preview:large","max-video-preview":"max-video-preview:-1"},"canonical":"https:\/\/tigmconsulting-us.com\/en\/experiencia-industria-venta-minorista-retail\/","og_locale":"en_US","og_type":"article","og_title":"Experiencia - Industria - Venta Minorista (Retail) - TIGM Consulting","og_url":"https:\/\/tigmconsulting-us.com\/en\/experiencia-industria-venta-minorista-retail\/","og_site_name":"TIGM Consulting","article_modified_time":"2022-06-11T17:23:12+00:00","twitter_card":"summary_large_image","twitter_misc":{"Est. reading time":"2 minutes"},"schema":{"@context":"https:\/\/schema.org","@graph":[{"@type":"WebPage","@id":"https:\/\/tigmconsulting-us.com\/experiencia-industria-venta-minorista-retail\/","url":"https:\/\/tigmconsulting-us.com\/experiencia-industria-venta-minorista-retail\/","name":"Experiencia - Industria - Venta Minorista (Retail) - TIGM Consulting","isPartOf":{"@id":"https:\/\/tigmconsulting-us.com\/#website"},"datePublished":"2022-06-10T20:55:57+00:00","dateModified":"2022-06-11T17:23:12+00:00","breadcrumb":{"@id":"https:\/\/tigmconsulting-us.com\/experiencia-industria-venta-minorista-retail\/#breadcrumb"},"inLanguage":"en-US","potentialAction":[{"@type":"ReadAction","target":["https:\/\/tigmconsulting-us.com\/experiencia-industria-venta-minorista-retail\/"]}]},{"@type":"BreadcrumbList","@id":"https:\/\/tigmconsulting-us.com\/experiencia-industria-venta-minorista-retail\/#breadcrumb","itemListElement":[{"@type":"ListItem","position":1,"name":"Home","item":"https:\/\/tigmconsulting-us.com\/"},{"@type":"ListItem","position":2,"name":"Experiencia &#8211; Industria &#8211; Venta Minorista (Retail)"}]},{"@type":"WebSite","@id":"https:\/\/tigmconsulting-us.com\/#website","url":"https:\/\/tigmconsulting-us.com\/","name":"TIGM Consulting","description":"Tecnolog\u00eda e innovaci\u00f3n en gesti\u00f3n de mercado","publisher":{"@id":"https:\/\/tigmconsulting-us.com\/#organization"},"potentialAction":[{"@type":"SearchAction","target":{"@type":"EntryPoint","urlTemplate":"https:\/\/tigmconsulting-us.com\/?s={search_term_string}"},"query-input":"required name=search_term_string"}],"inLanguage":"en-US"},{"@type":"Organization","@id":"https:\/\/tigmconsulting-us.com\/#organization","name":"TIGM","url":"https:\/\/tigmconsulting-us.com\/","logo":{"@type":"ImageObject","inLanguage":"en-US","@id":"https:\/\/tigmconsulting-us.com\/#\/schema\/logo\/image\/","url":"https:\/\/tigmconsulting-us.com\/wp-content\/uploads\/2019\/11\/img-logo-v1.png","contentUrl":"https:\/\/tigmconsulting-us.com\/wp-content\/uploads\/2019\/11\/img-logo-v1.png","width":139,"height":113,"caption":"TIGM"},"image":{"@id":"https:\/\/tigmconsulting-us.com\/#\/schema\/logo\/image\/"}}]}},"_links":{"self":[{"href":"https:\/\/tigmconsulting-us.com\/en\/wp-json\/wp\/v2\/pages\/888"}],"collection":[{"href":"https:\/\/tigmconsulting-us.com\/en\/wp-json\/wp\/v2\/pages"}],"about":[{"href":"https:\/\/tigmconsulting-us.com\/en\/wp-json\/wp\/v2\/types\/page"}],"author":[{"embeddable":true,"href":"https:\/\/tigmconsulting-us.com\/en\/wp-json\/wp\/v2\/users\/1"}],"replies":[{"embeddable":true,"href":"https:\/\/tigmconsulting-us.com\/en\/wp-json\/wp\/v2\/comments?post=888"}],"version-history":[{"count":4,"href":"https:\/\/tigmconsulting-us.com\/en\/wp-json\/wp\/v2\/pages\/888\/revisions"}],"predecessor-version":[{"id":966,"href":"https:\/\/tigmconsulting-us.com\/en\/wp-json\/wp\/v2\/pages\/888\/revisions\/966"}],"wp:attachment":[{"href":"https:\/\/tigmconsulting-us.com\/en\/wp-json\/wp\/v2\/media?parent=888"}],"wp:term":[{"taxonomy":"category","embeddable":true,"href":"https:\/\/tigmconsulting-us.com\/en\/wp-json\/wp\/v2\/categories?post=888"},{"taxonomy":"post_tag","embeddable":true,"href":"https:\/\/tigmconsulting-us.com\/en\/wp-json\/wp\/v2\/tags?post=888"}],"curies":[{"name":"wp","href":"https:\/\/api.w.org\/{rel}","templated":true}]}}