{"id":891,"date":"2022-06-10T20:59:30","date_gmt":"2022-06-10T20:59:30","guid":{"rendered":"https:\/\/tigmconsulting-us.com\/?page_id=891"},"modified":"2022-06-11T17:40:45","modified_gmt":"2022-06-11T17:40:45","slug":"experiencia-pais-honduras","status":"publish","type":"page","link":"https:\/\/tigmconsulting-us.com\/en\/experiencia-pais-honduras\/","title":{"rendered":"Experiencia &#8211; Pa\u00eds &#8211; Honduras"},"content":{"rendered":"<div data-vc-full-width=\"true\" data-vc-full-width-init=\"false\" class=\"vc_row wpb_row vc_row-fluid vc_custom_1576728938967 vc_row-has-fill vc_row-o-content-bottom vc_row-flex\"><div class=\"wpb_column vc_column_container vc_col-sm-12\"><div class=\"vc_column-inner\"><div class=\"wpb_wrapper\"><h2 style=\"text-align: left;font-family:Lato;font-weight:300;font-style:normal\" class=\"vc_custom_heading\" >Experience - Country - Honduras<\/h2><\/div><\/div><\/div><\/div><div class=\"vc_row-full-width vc_clearfix\"><\/div><div data-vc-full-width=\"true\" data-vc-full-width-init=\"false\" class=\"vc_row wpb_row vc_row-fluid vc_custom_1576730169692 vc_row-has-fill vc_row-o-content-middle vc_row-flex\"><div class=\"wpb_column vc_column_container vc_col-sm-12\"><div class=\"vc_column-inner\"><div class=\"wpb_wrapper\"><h4 style=\"color: #0a0a0a;text-align: justify;font-family:Lato;font-weight:300;font-style:normal\" class=\"vc_custom_heading\" >We are passionate about improving customer management processes and customer experience for each of our clients by applying the best practices, requirements and strategy of their business and our previous experience.<\/h4><div class=\"vc_separator wpb_content_element vc_separator_align_center vc_sep_width_20 vc_sep_pos_align_center vc_separator_no_text vc_sep_color_white\" ><span class=\"vc_sep_holder vc_sep_holder_l\"><span  class=\"vc_sep_line\"><\/span><\/span><span class=\"vc_sep_holder vc_sep_holder_r\"><span  class=\"vc_sep_line\"><\/span><\/span>\n<\/div><h4 style=\"color: #0a0a0a;text-align: justify;font-family:Lato;font-weight:300;font-style:normal\" class=\"vc_custom_heading\" >Below is our project experience to date:<\/h4><div class=\"vc_separator wpb_content_element vc_separator_align_center vc_sep_width_20 vc_sep_pos_align_center vc_separator_no_text vc_sep_color_white\" ><span class=\"vc_sep_holder vc_sep_holder_l\"><span  class=\"vc_sep_line\"><\/span><\/span><span class=\"vc_sep_holder vc_sep_holder_r\"><span  class=\"vc_sep_line\"><\/span><\/span>\n<\/div><div class=\"vc_separator wpb_content_element vc_separator_align_center vc_sep_width_100 vc_sep_border_width_3 vc_sep_pos_align_center vc_separator_no_text vc_sep_color_grey\" ><span class=\"vc_sep_holder vc_sep_holder_l\"><span  class=\"vc_sep_line\"><\/span><\/span><span class=\"vc_sep_holder vc_sep_holder_r\"><span  class=\"vc_sep_line\"><\/span><\/span>\n<\/div><\/div><\/div><\/div><div class=\"wpb_column vc_column_container vc_col-sm-12\"><div class=\"vc_column-inner\"><div class=\"wpb_wrapper\"><div class=\"vc_empty_space\"   style=\"height: 32px\"><span class=\"vc_empty_space_inner\"><\/span><\/div>\n\t<div  class=\"wpb_single_image wpb_content_element vc_align_left\">\n\t\t\n\t\t<figure class=\"wpb_wrapper vc_figure\">\n\t\t\t<a href=\"https:\/\/www.reasa.hn\/\" target=\"_self\" class=\"vc_single_image-wrapper   vc_box_border_grey\"><img loading=\"lazy\" decoding=\"async\" width=\"150\" height=\"150\" src=\"https:\/\/tigmconsulting-us.com\/wp-content\/uploads\/2019\/12\/reasa.jpg\" class=\"vc_single_image-img attachment-thumbnail\" alt=\"logo-reasa\" \/><\/a>\n\t\t<\/figure>\n\t<\/div>\n<div class=\"vc_empty_space\"   style=\"height: 32px\"><span class=\"vc_empty_space_inner\"><\/span><\/div>\n\t<div class=\"wpb_text_column wpb_content_element\" >\n\t\t<div class=\"wpb_wrapper\">\n\t\t\t<p><strong><span class=\"NormalTextRun SCXW253823239 BCX0\"><em>Company name: <\/em><\/span><\/strong><span class=\"NormalTextRun SCXW253823239 BCX0\">REASA<\/span><\/p>\n<p><em><strong>Project name:<\/strong><\/em> SAP Sales Cloud implementation integrated with SAP B1<\/p>\n<p><em><strong><span class=\"NormalTextRun SCXW112463203 BCX0\">Project dates<\/span><\/strong><\/em><span class=\"NormalTextRun SCXW112463203 BCX0\"><em><strong>:\u00a0<\/strong><\/em>sea. 2017 \u2013 July 2017<\/span><\/p>\n<p><em><strong>Project scope:<\/strong><\/em> Implementation of the SAP Sales &amp; Service cloud solution for sales areas with the following scope of processes:<br \/>\n\u2013 Installation of the components required for integration.<br \/>\n\u2013 Technical configuration of the integration between B1 and C4C.<br \/>\n\u2013 Functional configuration of the integration between B1 and C4C<br \/>\n\u2013 Scenarios included in scope:<br \/>\n\u2013 Commercial management process for new and used vehicles<br \/>\n\u2013 Master Data:<br \/>\n- Products<br \/>\n\u2013 Clients\/Prospects<br \/>\n- Addresses<br \/>\n\u2013 Contact persons<br \/>\n\u2013 Business processes:<br \/>\n- Prices<br \/>\n- Quotes<br \/>\n\u2013 Orders<br \/>\n\u2013 Transfer of knowledge of the integration to client consultants.<br \/>\n\u2013 Process management reports and indicators<\/p>\n<p><em><span class=\"TextRun SCXW203391881 BCX0\" lang=\"ES-ES\" xml:lang=\"ES-ES\" data-contrast=\"auto\"><span class=\"NormalTextRun SCXW203391881 BCX0\"><strong>Industry: <\/strong><\/span><\/span><\/em><span class=\"TextRun SCXW203391881 BCX0\" lang=\"ES-ES\" xml:lang=\"ES-ES\" data-contrast=\"auto\"><span class=\"NormalTextRun SCXW203391881 BCX0\">Motor vehicle manufacturing<\/span><\/span><\/p>\n<p><span class=\"TextRun SCXW38490387 BCX0\" lang=\"ES-ES\" xml:lang=\"ES-ES\" data-contrast=\"auto\"><span class=\"NormalTextRun SCXW38490387 BCX0\"><em><strong>Country: <\/strong><\/em>Tegucigalpa, Francisco Morazan, Honduras<\/span><\/span><\/p>\n<p><em><strong>Web page:<\/strong><\/em> <a href=\"https:\/\/www.reasa.hn\/\">https:\/\/www.reasa.hn\/<\/a><\/p>\n\n\t\t<\/div>\n\t<\/div>\n<div class=\"vc_empty_space\"   style=\"height: 32px\"><span class=\"vc_empty_space_inner\"><\/span><\/div><div class=\"vc_separator wpb_content_element vc_separator_align_center vc_sep_width_100 vc_sep_border_width_3 vc_sep_pos_align_center vc_separator_no_text vc_sep_color_grey\" ><span class=\"vc_sep_holder vc_sep_holder_l\"><span  class=\"vc_sep_line\"><\/span><\/span><span class=\"vc_sep_holder vc_sep_holder_r\"><span  class=\"vc_sep_line\"><\/span><\/span>\n<\/div><\/div><\/div><\/div><\/div><div class=\"vc_row-full-width vc_clearfix\"><\/div>","protected":false},"excerpt":{"rendered":"Experiencia - Pa\u00eds - HondurasNos apasiona mejorar los procesos de gesti\u00f3n de clientes y experiencia de clientes en cada uno de nuestros clientes aplicando las mejores pr\u00e1cticas, requerimientos y estrategia de su negocio y nuestra experiencia previa. A continuaci\u00f3n, nuestra experiencia en proyectos a la fecha: Nombre de la empresa: REASA Nombre de proyecto: Implementaci\u00f3n [...]","protected":false},"author":1,"featured_media":0,"parent":0,"menu_order":0,"comment_status":"closed","ping_status":"closed","template":"","meta":{"footnotes":""},"categories":[],"tags":[46,54],"class_list":["post-891","page","type-page","status-publish","hentry","tag-experienciatigmconsulting","tag-tigmconsultinghonduras"],"yoast_head":"<!-- This site is optimized with the Yoast SEO plugin v22.9 - https:\/\/yoast.com\/wordpress\/plugins\/seo\/ -->\n<title>Experiencia - Pa\u00eds - Honduras - TIGM Consulting<\/title>\n<meta name=\"robots\" content=\"index, follow, max-snippet:-1, max-image-preview:large, max-video-preview:-1\" \/>\n<link rel=\"canonical\" href=\"https:\/\/tigmconsulting-us.com\/en\/experiencia-pais-honduras\/\" \/>\n<meta property=\"og:locale\" content=\"en_US\" \/>\n<meta property=\"og:type\" content=\"article\" \/>\n<meta property=\"og:title\" content=\"Experiencia - Pa\u00eds - Honduras - TIGM Consulting\" \/>\n<meta property=\"og:url\" content=\"https:\/\/tigmconsulting-us.com\/en\/experiencia-pais-honduras\/\" \/>\n<meta property=\"og:site_name\" content=\"TIGM Consulting\" \/>\n<meta property=\"article:modified_time\" content=\"2022-06-11T17:40:45+00:00\" \/>\n<meta name=\"twitter:card\" content=\"summary_large_image\" \/>\n<meta name=\"twitter:label1\" content=\"Est. reading time\" \/>\n\t<meta name=\"twitter:data1\" content=\"1 minute\" \/>\n<script type=\"application\/ld+json\" class=\"yoast-schema-graph\">{\"@context\":\"https:\/\/schema.org\",\"@graph\":[{\"@type\":\"WebPage\",\"@id\":\"https:\/\/tigmconsulting-us.com\/experiencia-pais-honduras\/\",\"url\":\"https:\/\/tigmconsulting-us.com\/experiencia-pais-honduras\/\",\"name\":\"Experiencia - Pa\u00eds - Honduras - TIGM Consulting\",\"isPartOf\":{\"@id\":\"https:\/\/tigmconsulting-us.com\/#website\"},\"datePublished\":\"2022-06-10T20:59:30+00:00\",\"dateModified\":\"2022-06-11T17:40:45+00:00\",\"breadcrumb\":{\"@id\":\"https:\/\/tigmconsulting-us.com\/experiencia-pais-honduras\/#breadcrumb\"},\"inLanguage\":\"en-US\",\"potentialAction\":[{\"@type\":\"ReadAction\",\"target\":[\"https:\/\/tigmconsulting-us.com\/experiencia-pais-honduras\/\"]}]},{\"@type\":\"BreadcrumbList\",\"@id\":\"https:\/\/tigmconsulting-us.com\/experiencia-pais-honduras\/#breadcrumb\",\"itemListElement\":[{\"@type\":\"ListItem\",\"position\":1,\"name\":\"Home\",\"item\":\"https:\/\/tigmconsulting-us.com\/\"},{\"@type\":\"ListItem\",\"position\":2,\"name\":\"Experiencia &#8211; Pa\u00eds &#8211; Honduras\"}]},{\"@type\":\"WebSite\",\"@id\":\"https:\/\/tigmconsulting-us.com\/#website\",\"url\":\"https:\/\/tigmconsulting-us.com\/\",\"name\":\"TIGM Consulting\",\"description\":\"Tecnolog\u00eda e innovaci\u00f3n en gesti\u00f3n de mercado\",\"publisher\":{\"@id\":\"https:\/\/tigmconsulting-us.com\/#organization\"},\"potentialAction\":[{\"@type\":\"SearchAction\",\"target\":{\"@type\":\"EntryPoint\",\"urlTemplate\":\"https:\/\/tigmconsulting-us.com\/?s={search_term_string}\"},\"query-input\":\"required name=search_term_string\"}],\"inLanguage\":\"en-US\"},{\"@type\":\"Organization\",\"@id\":\"https:\/\/tigmconsulting-us.com\/#organization\",\"name\":\"TIGM\",\"url\":\"https:\/\/tigmconsulting-us.com\/\",\"logo\":{\"@type\":\"ImageObject\",\"inLanguage\":\"en-US\",\"@id\":\"https:\/\/tigmconsulting-us.com\/#\/schema\/logo\/image\/\",\"url\":\"https:\/\/tigmconsulting-us.com\/wp-content\/uploads\/2019\/11\/img-logo-v1.png\",\"contentUrl\":\"https:\/\/tigmconsulting-us.com\/wp-content\/uploads\/2019\/11\/img-logo-v1.png\",\"width\":139,\"height\":113,\"caption\":\"TIGM\"},\"image\":{\"@id\":\"https:\/\/tigmconsulting-us.com\/#\/schema\/logo\/image\/\"}}]}<\/script>\n<!-- \/ Yoast SEO plugin. -->","yoast_head_json":{"title":"Experiencia - Pa\u00eds - Honduras - TIGM Consulting","robots":{"index":"index","follow":"follow","max-snippet":"max-snippet:-1","max-image-preview":"max-image-preview:large","max-video-preview":"max-video-preview:-1"},"canonical":"https:\/\/tigmconsulting-us.com\/en\/experiencia-pais-honduras\/","og_locale":"en_US","og_type":"article","og_title":"Experiencia - Pa\u00eds - Honduras - TIGM Consulting","og_url":"https:\/\/tigmconsulting-us.com\/en\/experiencia-pais-honduras\/","og_site_name":"TIGM Consulting","article_modified_time":"2022-06-11T17:40:45+00:00","twitter_card":"summary_large_image","twitter_misc":{"Est. reading time":"1 minute"},"schema":{"@context":"https:\/\/schema.org","@graph":[{"@type":"WebPage","@id":"https:\/\/tigmconsulting-us.com\/experiencia-pais-honduras\/","url":"https:\/\/tigmconsulting-us.com\/experiencia-pais-honduras\/","name":"Experiencia - Pa\u00eds - Honduras - TIGM Consulting","isPartOf":{"@id":"https:\/\/tigmconsulting-us.com\/#website"},"datePublished":"2022-06-10T20:59:30+00:00","dateModified":"2022-06-11T17:40:45+00:00","breadcrumb":{"@id":"https:\/\/tigmconsulting-us.com\/experiencia-pais-honduras\/#breadcrumb"},"inLanguage":"en-US","potentialAction":[{"@type":"ReadAction","target":["https:\/\/tigmconsulting-us.com\/experiencia-pais-honduras\/"]}]},{"@type":"BreadcrumbList","@id":"https:\/\/tigmconsulting-us.com\/experiencia-pais-honduras\/#breadcrumb","itemListElement":[{"@type":"ListItem","position":1,"name":"Home","item":"https:\/\/tigmconsulting-us.com\/"},{"@type":"ListItem","position":2,"name":"Experiencia &#8211; Pa\u00eds &#8211; Honduras"}]},{"@type":"WebSite","@id":"https:\/\/tigmconsulting-us.com\/#website","url":"https:\/\/tigmconsulting-us.com\/","name":"TIGM Consulting","description":"Tecnolog\u00eda e innovaci\u00f3n en gesti\u00f3n de mercado","publisher":{"@id":"https:\/\/tigmconsulting-us.com\/#organization"},"potentialAction":[{"@type":"SearchAction","target":{"@type":"EntryPoint","urlTemplate":"https:\/\/tigmconsulting-us.com\/?s={search_term_string}"},"query-input":"required name=search_term_string"}],"inLanguage":"en-US"},{"@type":"Organization","@id":"https:\/\/tigmconsulting-us.com\/#organization","name":"TIGM","url":"https:\/\/tigmconsulting-us.com\/","logo":{"@type":"ImageObject","inLanguage":"en-US","@id":"https:\/\/tigmconsulting-us.com\/#\/schema\/logo\/image\/","url":"https:\/\/tigmconsulting-us.com\/wp-content\/uploads\/2019\/11\/img-logo-v1.png","contentUrl":"https:\/\/tigmconsulting-us.com\/wp-content\/uploads\/2019\/11\/img-logo-v1.png","width":139,"height":113,"caption":"TIGM"},"image":{"@id":"https:\/\/tigmconsulting-us.com\/#\/schema\/logo\/image\/"}}]}},"_links":{"self":[{"href":"https:\/\/tigmconsulting-us.com\/en\/wp-json\/wp\/v2\/pages\/891"}],"collection":[{"href":"https:\/\/tigmconsulting-us.com\/en\/wp-json\/wp\/v2\/pages"}],"about":[{"href":"https:\/\/tigmconsulting-us.com\/en\/wp-json\/wp\/v2\/types\/page"}],"author":[{"embeddable":true,"href":"https:\/\/tigmconsulting-us.com\/en\/wp-json\/wp\/v2\/users\/1"}],"replies":[{"embeddable":true,"href":"https:\/\/tigmconsulting-us.com\/en\/wp-json\/wp\/v2\/comments?post=891"}],"version-history":[{"count":3,"href":"https:\/\/tigmconsulting-us.com\/en\/wp-json\/wp\/v2\/pages\/891\/revisions"}],"predecessor-version":[{"id":894,"href":"https:\/\/tigmconsulting-us.com\/en\/wp-json\/wp\/v2\/pages\/891\/revisions\/894"}],"wp:attachment":[{"href":"https:\/\/tigmconsulting-us.com\/en\/wp-json\/wp\/v2\/media?parent=891"}],"wp:term":[{"taxonomy":"category","embeddable":true,"href":"https:\/\/tigmconsulting-us.com\/en\/wp-json\/wp\/v2\/categories?post=891"},{"taxonomy":"post_tag","embeddable":true,"href":"https:\/\/tigmconsulting-us.com\/en\/wp-json\/wp\/v2\/tags?post=891"}],"curies":[{"name":"wp","href":"https:\/\/api.w.org\/{rel}","templated":true}]}}