{"id":917,"date":"2022-06-10T21:28:38","date_gmt":"2022-06-10T21:28:38","guid":{"rendered":"https:\/\/tigmconsulting-us.com\/?page_id=917"},"modified":"2022-06-11T17:42:02","modified_gmt":"2022-06-11T17:42:02","slug":"experiencia-pais-venezuela","status":"publish","type":"page","link":"https:\/\/tigmconsulting-us.com\/en\/experiencia-pais-venezuela\/","title":{"rendered":"Experience \u2013 Country \u2013 Venezuela"},"content":{"rendered":"<div data-vc-full-width=\"true\" data-vc-full-width-init=\"false\" class=\"vc_row wpb_row vc_row-fluid vc_custom_1576728938967 vc_row-has-fill vc_row-o-content-bottom vc_row-flex\"><div class=\"wpb_column vc_column_container vc_col-sm-12\"><div class=\"vc_column-inner\"><div class=\"wpb_wrapper\"><h2 style=\"text-align: left;font-family:Lato;font-weight:300;font-style:normal\" class=\"vc_custom_heading\" >Experience - Country -Venezuela<\/h2><\/div><\/div><\/div><\/div><div class=\"vc_row-full-width vc_clearfix\"><\/div><div data-vc-full-width=\"true\" data-vc-full-width-init=\"false\" class=\"vc_row wpb_row vc_row-fluid vc_custom_1576730169692 vc_row-has-fill vc_row-o-content-middle vc_row-flex\"><div class=\"wpb_column vc_column_container vc_col-sm-12\"><div class=\"vc_column-inner\"><div class=\"wpb_wrapper\"><h4 style=\"color: #0a0a0a;text-align: justify;font-family:Lato;font-weight:300;font-style:normal\" class=\"vc_custom_heading\" >We are passionate about improving customer management processes and customer experience for each of our clients by applying the best practices, requirements and strategy of their business and our previous experience.<\/h4><div class=\"vc_separator wpb_content_element vc_separator_align_center vc_sep_width_20 vc_sep_pos_align_center vc_separator_no_text vc_sep_color_white\" ><span class=\"vc_sep_holder vc_sep_holder_l\"><span  class=\"vc_sep_line\"><\/span><\/span><span class=\"vc_sep_holder vc_sep_holder_r\"><span  class=\"vc_sep_line\"><\/span><\/span>\n<\/div><h4 style=\"color: #0a0a0a;text-align: justify;font-family:Lato;font-weight:300;font-style:normal\" class=\"vc_custom_heading\" >Below is our project experience to date:<\/h4><div class=\"vc_separator wpb_content_element vc_separator_align_center vc_sep_width_20 vc_sep_pos_align_center vc_separator_no_text vc_sep_color_white\" ><span class=\"vc_sep_holder vc_sep_holder_l\"><span  class=\"vc_sep_line\"><\/span><\/span><span class=\"vc_sep_holder vc_sep_holder_r\"><span  class=\"vc_sep_line\"><\/span><\/span>\n<\/div><div class=\"vc_separator wpb_content_element vc_separator_align_center vc_sep_width_100 vc_sep_border_width_3 vc_sep_pos_align_center vc_separator_no_text vc_sep_color_grey\" ><span class=\"vc_sep_holder vc_sep_holder_l\"><span  class=\"vc_sep_line\"><\/span><\/span><span class=\"vc_sep_holder vc_sep_holder_r\"><span  class=\"vc_sep_line\"><\/span><\/span>\n<\/div><\/div><\/div><\/div><div class=\"wpb_column vc_column_container vc_col-sm-12\"><div class=\"vc_column-inner\"><div class=\"wpb_wrapper\"><div class=\"vc_empty_space\"   style=\"height: 32px\"><span class=\"vc_empty_space_inner\"><\/span><\/div>\n\t<div  class=\"wpb_single_image wpb_content_element vc_align_left\">\n\t\t\n\t\t<figure class=\"wpb_wrapper vc_figure\">\n\t\t\t<a href=\"https:\/\/www.santateresarum.com\/\" target=\"_self\" class=\"vc_single_image-wrapper   vc_box_border_grey\"><img loading=\"lazy\" decoding=\"async\" width=\"100\" height=\"100\" src=\"https:\/\/tigmconsulting-us.com\/wp-content\/uploads\/2022\/05\/AnyConv.com__1566312837766.jpg\" class=\"vc_single_image-img attachment-thumbnail\" alt=\"\" \/><\/a>\n\t\t<\/figure>\n\t<\/div>\n<div class=\"vc_empty_space\"   style=\"height: 32px\"><span class=\"vc_empty_space_inner\"><\/span><\/div>\n\t<div class=\"wpb_text_column wpb_content_element\" >\n\t\t<div class=\"wpb_wrapper\">\n\t\t\t<p><em><strong>Project name:<\/strong><\/em> Implementation of Marketing functionality in support of the Rum Club process.<\/p>\n<p><em><strong>Project dates:<\/strong><\/em> jan. 2009 \u2013 Nov. 2009<\/p>\n<p><em><strong>Project scope:<\/strong><\/em><\/p>\n<p>- Organizational structure<br \/>\n\u2013 Business Partners<br \/>\n\u2013 Campaign Planning<br \/>\n\u2013 Segmentation<br \/>\n\u2013 Campaign Management<br \/>\n\u2013 Lead Management<br \/>\n- Activities<br \/>\n\u2013 Account and Contact Management<br \/>\n\u2013 Workflow for sales process management<br \/>\n\u2013 Handling of complaints and claims<br \/>\n\u2013 Handling customer requests<br \/>\n\u2013 Post-Sales Process Support<\/p>\n<p><em><strong>Industry:<\/strong><\/em> Beverage manufacturing<\/p>\n<p><em><strong>Country:<\/strong><\/em> Caracas, Federal District, Venezuela<\/p>\n<p><em><strong>Web page:<\/strong> <\/em><a href=\"https:\/\/www.santateresarum.com\/\">https:\/\/www.santateresarum.com\/<\/a><\/p>\n\n\t\t<\/div>\n\t<\/div>\n<div class=\"vc_empty_space\"   style=\"height: 32px\"><span class=\"vc_empty_space_inner\"><\/span><\/div><div class=\"vc_separator wpb_content_element vc_separator_align_center vc_sep_width_100 vc_sep_border_width_3 vc_sep_pos_align_center vc_separator_no_text vc_sep_color_grey\" ><span class=\"vc_sep_holder vc_sep_holder_l\"><span  class=\"vc_sep_line\"><\/span><\/span><span class=\"vc_sep_holder vc_sep_holder_r\"><span  class=\"vc_sep_line\"><\/span><\/span>\n<\/div><div class=\"vc_empty_space\"   style=\"height: 32px\"><span class=\"vc_empty_space_inner\"><\/span><\/div>\n\t<div  class=\"wpb_single_image wpb_content_element vc_align_left\">\n\t\t\n\t\t<figure class=\"wpb_wrapper vc_figure\">\n\t\t\t<div class=\"vc_single_image-wrapper   vc_box_border_grey\"><img loading=\"lazy\" decoding=\"async\" width=\"100\" height=\"100\" src=\"https:\/\/tigmconsulting-us.com\/wp-content\/uploads\/2022\/06\/1519855895232.jpg\" class=\"vc_single_image-img attachment-thumbnail\" alt=\"\" srcset=\"https:\/\/tigmconsulting-us.com\/wp-content\/uploads\/2022\/06\/1519855895232.jpg 100w, https:\/\/tigmconsulting-us.com\/wp-content\/uploads\/2022\/06\/1519855895232-12x12.jpg 12w\" sizes=\"(max-width: 100px) 100vw, 100px\" \/><\/div>\n\t\t<\/figure>\n\t<\/div>\n<div class=\"vc_empty_space\"   style=\"height: 32px\"><span class=\"vc_empty_space_inner\"><\/span><\/div>\n\t<div class=\"wpb_text_column wpb_content_element\" >\n\t\t<div class=\"wpb_wrapper\">\n\t\t\t<p><strong><span class=\"NormalTextRun SCXW253823239 BCX0\"><em>Company name: <\/em><\/span><\/strong><span class=\"NormalTextRun SCXW253823239 BCX0\">cantv<\/span><\/p>\n<p><em><strong>Project name:<\/strong><\/em> SAP CRM implementation for Telco<\/p>\n<p><em><strong>Project dates:<\/strong><\/em> sea. 2003 \u2013 Mar. 2005<\/p>\n<p><em><strong>Project scope:<\/strong><\/em><\/p>\n<p>\u2013 Implementation of the mySAP CRM 4.0 solution for Cantv call centers with 240 agents supporting post-sales processes<\/p>\n<p><em><strong>Industry:<\/strong><\/em> Telecommunications<\/p>\n<p><em><strong>Country:<\/strong><\/em> Venezuela<\/p>\n<p><em><strong>Web page:<\/strong><\/em> <a href=\"https:\/\/www.cantv.com.ve\/\">https:\/\/www.cantv.com.ve\/<\/a><\/p>\n\n\t\t<\/div>\n\t<\/div>\n<div class=\"vc_empty_space\"   style=\"height: 32px\"><span class=\"vc_empty_space_inner\"><\/span><\/div><div class=\"vc_separator wpb_content_element vc_separator_align_center vc_sep_width_100 vc_sep_border_width_3 vc_sep_pos_align_center vc_separator_no_text vc_sep_color_grey\" ><span class=\"vc_sep_holder vc_sep_holder_l\"><span  class=\"vc_sep_line\"><\/span><\/span><span class=\"vc_sep_holder vc_sep_holder_r\"><span  class=\"vc_sep_line\"><\/span><\/span>\n<\/div><div class=\"vc_empty_space\"   style=\"height: 32px\"><span class=\"vc_empty_space_inner\"><\/span><\/div>\n\t<div  class=\"wpb_single_image wpb_content_element vc_align_left\">\n\t\t\n\t\t<figure class=\"wpb_wrapper vc_figure\">\n\t\t\t<div class=\"vc_single_image-wrapper   vc_box_border_grey\"><img loading=\"lazy\" decoding=\"async\" width=\"100\" height=\"100\" src=\"https:\/\/tigmconsulting-us.com\/wp-content\/uploads\/2022\/06\/1519891167090.jpg\" class=\"vc_single_image-img attachment-thumbnail\" alt=\"\" srcset=\"https:\/\/tigmconsulting-us.com\/wp-content\/uploads\/2022\/06\/1519891167090.jpg 100w, https:\/\/tigmconsulting-us.com\/wp-content\/uploads\/2022\/06\/1519891167090-12x12.jpg 12w\" sizes=\"(max-width: 100px) 100vw, 100px\" \/><\/div>\n\t\t<\/figure>\n\t<\/div>\n<div class=\"vc_empty_space\"   style=\"height: 32px\"><span class=\"vc_empty_space_inner\"><\/span><\/div>\n\t<div class=\"wpb_text_column wpb_content_element\" >\n\t\t<div class=\"wpb_wrapper\">\n\t\t\t<p><strong><span class=\"NormalTextRun SCXW253823239 BCX0\"><em>Company name: <\/em><\/span><\/strong><span class=\"NormalTextRun SCXW253823239 BCX0\">EPA<\/span><\/p>\n<p><strong>Project name:<\/strong> SAP CRM implementation integrated with the Telephony platform (CTI)<\/p>\n<p><strong>Project dates:<\/strong> nov. 2002 \u2013 Mar. 2003<\/p>\n<p><strong>Project scope:<\/strong><\/p>\n<p>\u2013 Implementation of SAP CRM Service, Interaction Center and CTI integration<br \/>\n\u2013 Understanding of requirements<br \/>\n\u2013 Design of solution supported in SAP CRM<br \/>\n\u2013 Implementation of processes defined in scope.<br \/>\n\u2013 Implemented functionality:<br \/>\n- Organizational structure<br \/>\n\u2013 Commercial Interlocutor<br \/>\n\u2013 Management of Sales Activities<br \/>\n\u2013 Management of Claims and Customer Requests<\/p>\n<p><strong>Industry:<\/strong> Retail sale<\/p>\n<p><strong>Country:<\/strong> Venezuela<br \/>\n<strong>Web page<\/strong>: <a href=\"https:\/\/ve.epaenlinea.com\/\">https:\/\/ve.epaenlinea.com\/<\/a><\/p>\n\n\t\t<\/div>\n\t<\/div>\n<div class=\"vc_empty_space\"   style=\"height: 32px\"><span class=\"vc_empty_space_inner\"><\/span><\/div><div class=\"vc_separator wpb_content_element vc_separator_align_center vc_sep_width_100 vc_sep_border_width_3 vc_sep_pos_align_center vc_separator_no_text vc_sep_color_grey\" ><span class=\"vc_sep_holder vc_sep_holder_l\"><span  class=\"vc_sep_line\"><\/span><\/span><span class=\"vc_sep_holder vc_sep_holder_r\"><span  class=\"vc_sep_line\"><\/span><\/span>\n<\/div><div class=\"vc_empty_space\"   style=\"height: 32px\"><span class=\"vc_empty_space_inner\"><\/span><\/div>\n\t<div  class=\"wpb_single_image wpb_content_element vc_align_left\">\n\t\t\n\t\t<figure class=\"wpb_wrapper vc_figure\">\n\t\t\t<div class=\"vc_single_image-wrapper   vc_box_border_grey\"><img loading=\"lazy\" decoding=\"async\" width=\"100\" height=\"100\" src=\"https:\/\/tigmconsulting-us.com\/wp-content\/uploads\/2022\/06\/1519861479365.jpg\" class=\"vc_single_image-img attachment-thumbnail\" alt=\"\" srcset=\"https:\/\/tigmconsulting-us.com\/wp-content\/uploads\/2022\/06\/1519861479365.jpg 100w, https:\/\/tigmconsulting-us.com\/wp-content\/uploads\/2022\/06\/1519861479365-12x12.jpg 12w\" sizes=\"(max-width: 100px) 100vw, 100px\" \/><\/div>\n\t\t<\/figure>\n\t<\/div>\n<div class=\"vc_empty_space\"   style=\"height: 32px\"><span class=\"vc_empty_space_inner\"><\/span><\/div>\n\t<div class=\"wpb_text_column wpb_content_element\" >\n\t\t<div class=\"wpb_wrapper\">\n\t\t\t<p><strong><span class=\"NormalTextRun SCXW253823239 BCX0\"><em>Company name: <\/em><\/span><\/strong><span class=\"NormalTextRun SCXW253823239 BCX0\">ENELVEN<\/span><\/p>\n<p><em><strong>Project name:<\/strong><\/em> SAP IS-U Implementation<\/p>\n<p><em><strong>Project dates:<\/strong><\/em> may. 2002 \u2013 Feb. 2003<\/p>\n<p><em><strong>Project scope:<\/strong><\/em><\/p>\n<p>Understanding of requirements<br \/>\n\u2013 Implementation of processes defined in scope.<br \/>\n\u2013 Implemented Functionality:<br \/>\n\u2013 Customer Service Module:<br \/>\n\u2013 Front End Service for Offices and Call Centers.<br \/>\n\u2013 Management of Activities and Contacts.<\/p>\n<p><em><strong>Industry:<\/strong><\/em> Oil and gas<\/p>\n<p><em><strong>Country:<\/strong><\/em> Venezuela<\/p>\n<p><em><strong>Web page:<\/strong><\/em>\u00a0 <a href=\"http:\/\/www.corpoelec.gob.ve\/\">http:\/\/www.corpoelec.gob.ve\/<\/a><\/p>\n\n\t\t<\/div>\n\t<\/div>\n<div class=\"vc_empty_space\"   style=\"height: 32px\"><span class=\"vc_empty_space_inner\"><\/span><\/div><div class=\"vc_separator wpb_content_element vc_separator_align_center vc_sep_width_100 vc_sep_border_width_3 vc_sep_pos_align_center vc_separator_no_text vc_sep_color_grey\" ><span class=\"vc_sep_holder vc_sep_holder_l\"><span  class=\"vc_sep_line\"><\/span><\/span><span class=\"vc_sep_holder vc_sep_holder_r\"><span  class=\"vc_sep_line\"><\/span><\/span>\n<\/div><div class=\"vc_empty_space\"   style=\"height: 32px\"><span class=\"vc_empty_space_inner\"><\/span><\/div>\n\t<div  class=\"wpb_single_image wpb_content_element vc_align_left\">\n\t\t\n\t\t<figure class=\"wpb_wrapper vc_figure\">\n\t\t\t<div class=\"vc_single_image-wrapper   vc_box_border_grey\"><img loading=\"lazy\" decoding=\"async\" width=\"100\" height=\"100\" src=\"https:\/\/tigmconsulting-us.com\/wp-content\/uploads\/2022\/06\/1519861479365-1.jpg\" class=\"vc_single_image-img attachment-thumbnail\" alt=\"\" srcset=\"https:\/\/tigmconsulting-us.com\/wp-content\/uploads\/2022\/06\/1519861479365-1.jpg 100w, https:\/\/tigmconsulting-us.com\/wp-content\/uploads\/2022\/06\/1519861479365-1-12x12.jpg 12w\" sizes=\"(max-width: 100px) 100vw, 100px\" \/><\/div>\n\t\t<\/figure>\n\t<\/div>\n<div class=\"vc_empty_space\"   style=\"height: 32px\"><span class=\"vc_empty_space_inner\"><\/span><\/div>\n\t<div class=\"wpb_text_column wpb_content_element\" >\n\t\t<div class=\"wpb_wrapper\">\n\t\t\t<p><strong><span class=\"NormalTextRun SCXW253823239 BCX0\"><em>Company name: <\/em><\/span><\/strong><span class=\"NormalTextRun SCXW253823239 BCX0\">Caracas Electricity (EDC)<\/span><\/p>\n<p><em><strong>Project name:<\/strong><\/em> SAP IS-U Implementation<\/p>\n<p><em><strong>Project dates:<\/strong><\/em> may. 2001 \u2013 May 2002<\/p>\n<p><em><strong>Project scope:<\/strong><\/em><\/p>\n<p>\u2013 Understanding of requirements<br \/>\n\u2013 Design of solution supported in SAP CRM<br \/>\n\u2013 Implementation of processes defined in scope.<br \/>\n\u2013 Implemented Functionality:<br \/>\n\u2013 Customer Service Module:<br \/>\n\u2013 Front End Service for Offices and Call Centers.<br \/>\n\u2013 Management of Activities and Contacts.<\/p>\n<p><em><strong>Industry:<\/strong> <\/em>Renewable energy semiconductor manufacturing<\/p>\n<p><em><strong>Country:<\/strong><\/em> Venezuela<\/p>\n<p><em><strong>Web page:<\/strong><\/em> <a href=\"http:\/\/www.corpoelec.gob.ve\/\">http:\/\/www.corpoelec.gob.ve\/<\/a><\/p>\n\n\t\t<\/div>\n\t<\/div>\n<div class=\"vc_empty_space\"   style=\"height: 32px\"><span class=\"vc_empty_space_inner\"><\/span><\/div><div class=\"vc_separator wpb_content_element vc_separator_align_center vc_sep_width_100 vc_sep_border_width_3 vc_sep_pos_align_center vc_separator_no_text vc_sep_color_grey\" ><span class=\"vc_sep_holder vc_sep_holder_l\"><span  class=\"vc_sep_line\"><\/span><\/span><span class=\"vc_sep_holder vc_sep_holder_r\"><span  class=\"vc_sep_line\"><\/span><\/span>\n<\/div><div class=\"vc_empty_space\"   style=\"height: 32px\"><span class=\"vc_empty_space_inner\"><\/span><\/div>\n\t<div  class=\"wpb_single_image wpb_content_element vc_align_left\">\n\t\t\n\t\t<figure class=\"wpb_wrapper vc_figure\">\n\t\t\t<div class=\"vc_single_image-wrapper   vc_box_border_grey\"><img loading=\"lazy\" decoding=\"async\" width=\"100\" height=\"100\" src=\"https:\/\/tigmconsulting-us.com\/wp-content\/uploads\/2022\/06\/1566647502654.jpg\" class=\"vc_single_image-img attachment-thumbnail\" alt=\"\" srcset=\"https:\/\/tigmconsulting-us.com\/wp-content\/uploads\/2022\/06\/1566647502654.jpg 100w, https:\/\/tigmconsulting-us.com\/wp-content\/uploads\/2022\/06\/1566647502654-12x12.jpg 12w\" sizes=\"(max-width: 100px) 100vw, 100px\" \/><\/div>\n\t\t<\/figure>\n\t<\/div>\n<div class=\"vc_empty_space\"   style=\"height: 32px\"><span class=\"vc_empty_space_inner\"><\/span><\/div>\n\t<div class=\"wpb_text_column wpb_content_element\" >\n\t\t<div class=\"wpb_wrapper\">\n\t\t\t<p><strong><span class=\"NormalTextRun SCXW253823239 BCX0\"><em>Company name: <\/em><\/span><\/strong><span class=\"NormalTextRun SCXW253823239 BCX0\">Plumrose<\/span><\/p>\n<p><em><strong>Project name:<\/strong><\/em> Implementation of the CIC of CRM On Premise for the call center.<\/p>\n<p><em><strong>Project dates:<\/strong><\/em> sea. 2001 \u2013 May 2001<\/p>\n<p><em><strong>Project scope:<\/strong><\/em><\/p>\n<p>\u2013 Understanding of requirements<br \/>\n\u2013 Design of solution supported in SAP CRM<br \/>\n\u2013 Implementation of processes defined in scope.<\/p>\n<p><em><strong>Industry:<\/strong><\/em> Manufacture<\/p>\n<p><em><strong>Country:<\/strong> <\/em>Venezuela<\/p>\n<p><em><strong>Web page:<\/strong><\/em> <a href=\"https:\/\/www.plumrose.com\/\">https:\/\/www.plumrose.com\/<\/a><\/p>\n\n\t\t<\/div>\n\t<\/div>\n<div class=\"vc_empty_space\"   style=\"height: 32px\"><span class=\"vc_empty_space_inner\"><\/span><\/div><div class=\"vc_separator wpb_content_element vc_separator_align_center vc_sep_width_100 vc_sep_border_width_3 vc_sep_pos_align_center vc_separator_no_text vc_sep_color_grey\" ><span class=\"vc_sep_holder vc_sep_holder_l\"><span  class=\"vc_sep_line\"><\/span><\/span><span class=\"vc_sep_holder vc_sep_holder_r\"><span  class=\"vc_sep_line\"><\/span><\/span>\n<\/div><div class=\"vc_empty_space\"   style=\"height: 32px\"><span class=\"vc_empty_space_inner\"><\/span><\/div>\n\t<div  class=\"wpb_single_image wpb_content_element vc_align_left\">\n\t\t\n\t\t<figure class=\"wpb_wrapper vc_figure\">\n\t\t\t<div class=\"vc_single_image-wrapper   vc_box_border_grey\"><img loading=\"lazy\" decoding=\"async\" width=\"100\" height=\"100\" src=\"https:\/\/tigmconsulting-us.com\/wp-content\/uploads\/2022\/06\/1637351367500.jpg\" class=\"vc_single_image-img attachment-thumbnail\" alt=\"\" srcset=\"https:\/\/tigmconsulting-us.com\/wp-content\/uploads\/2022\/06\/1637351367500.jpg 100w, https:\/\/tigmconsulting-us.com\/wp-content\/uploads\/2022\/06\/1637351367500-12x12.jpg 12w\" sizes=\"(max-width: 100px) 100vw, 100px\" \/><\/div>\n\t\t<\/figure>\n\t<\/div>\n<div class=\"vc_empty_space\"   style=\"height: 32px\"><span class=\"vc_empty_space_inner\"><\/span><\/div>\n\t<div class=\"wpb_text_column wpb_content_element\" >\n\t\t<div class=\"wpb_wrapper\">\n\t\t\t<p><strong><span class=\"NormalTextRun SCXW253823239 BCX0\"><em>Company name: <\/em><\/span><\/strong><span class=\"NormalTextRun SCXW253823239 BCX0\">Leti Group<\/span><\/p>\n<p><em><strong>Project name:<\/strong><\/em> Implementing CIC in R3<\/p>\n<p><em><strong>Project dates:<\/strong><\/em> jan. 2001 \u2013 Mar. 2001<\/p>\n<p><em><strong>Project scope:<\/strong><\/em><\/p>\n<p>\u2013 Configuration of 20 FOP in the CIC<br \/>\n\u2013 Configuration and documentation of front office processes in the R3 CIC<\/p>\n<p><em><strong>Industry:<\/strong><\/em> Manufacturing of pharmaceutical products<\/p>\n<p><em><strong>Country:<\/strong><\/em> Venezuela<\/p>\n<p><em><strong>Web page:<\/strong><\/em><a href=\"https:\/\/grupoleti.com\/\"> https:\/\/grupoleti.com\/<\/a><\/p>\n\n\t\t<\/div>\n\t<\/div>\n<div class=\"vc_empty_space\"   style=\"height: 32px\"><span class=\"vc_empty_space_inner\"><\/span><\/div><div class=\"vc_separator wpb_content_element vc_separator_align_center vc_sep_width_100 vc_sep_border_width_3 vc_sep_pos_align_center vc_separator_no_text vc_sep_color_grey\" ><span class=\"vc_sep_holder vc_sep_holder_l\"><span  class=\"vc_sep_line\"><\/span><\/span><span class=\"vc_sep_holder vc_sep_holder_r\"><span  class=\"vc_sep_line\"><\/span><\/span>\n<\/div><\/div><\/div><\/div><\/div><div class=\"vc_row-full-width vc_clearfix\"><\/div>","protected":false},"excerpt":{"rendered":"Experience - Country - Venezuela We are passionate about improving customer management and customer experience processes for each of our clients by applying best practices, requirements, and strategies specific to their business, along with our prior experience. Below is our project experience to date: Project Name: Implementation of Marketing functionality to support the [...]","protected":false},"author":1,"featured_media":0,"parent":0,"menu_order":0,"comment_status":"closed","ping_status":"closed","template":"","meta":{"footnotes":""},"categories":[47],"tags":[46,53],"class_list":["post-917","page","type-page","status-publish","hentry","category-experiencia-tigm-consulting","tag-experienciatigmconsulting","tag-tigmconsultingvenezuela"],"yoast_head":"<!-- This site is optimized with the Yoast SEO plugin v22.9 - https:\/\/yoast.com\/wordpress\/plugins\/seo\/ -->\n<title>Experiencia - Pa\u00eds -Venezuela - TIGM Consulting<\/title>\n<meta name=\"robots\" content=\"index, follow, max-snippet:-1, max-image-preview:large, max-video-preview:-1\" \/>\n<link rel=\"canonical\" href=\"https:\/\/tigmconsulting-us.com\/en\/experiencia-pais-venezuela\/\" \/>\n<meta property=\"og:locale\" content=\"en_US\" \/>\n<meta property=\"og:type\" content=\"article\" \/>\n<meta property=\"og:title\" content=\"Experiencia - Pa\u00eds -Venezuela - TIGM Consulting\" \/>\n<meta property=\"og:url\" content=\"https:\/\/tigmconsulting-us.com\/en\/experiencia-pais-venezuela\/\" \/>\n<meta property=\"og:site_name\" content=\"TIGM Consulting\" \/>\n<meta property=\"article:modified_time\" content=\"2022-06-11T17:42:02+00:00\" \/>\n<meta name=\"twitter:card\" content=\"summary_large_image\" \/>\n<meta name=\"twitter:label1\" content=\"Est. reading time\" \/>\n\t<meta name=\"twitter:data1\" content=\"3 minutes\" \/>\n<script type=\"application\/ld+json\" class=\"yoast-schema-graph\">{\"@context\":\"https:\/\/schema.org\",\"@graph\":[{\"@type\":\"WebPage\",\"@id\":\"https:\/\/tigmconsulting-us.com\/experiencia-pais-venezuela\/\",\"url\":\"https:\/\/tigmconsulting-us.com\/experiencia-pais-venezuela\/\",\"name\":\"Experiencia - Pa\u00eds -Venezuela - TIGM Consulting\",\"isPartOf\":{\"@id\":\"https:\/\/tigmconsulting-us.com\/#website\"},\"datePublished\":\"2022-06-10T21:28:38+00:00\",\"dateModified\":\"2022-06-11T17:42:02+00:00\",\"breadcrumb\":{\"@id\":\"https:\/\/tigmconsulting-us.com\/experiencia-pais-venezuela\/#breadcrumb\"},\"inLanguage\":\"en-US\",\"potentialAction\":[{\"@type\":\"ReadAction\",\"target\":[\"https:\/\/tigmconsulting-us.com\/experiencia-pais-venezuela\/\"]}]},{\"@type\":\"BreadcrumbList\",\"@id\":\"https:\/\/tigmconsulting-us.com\/experiencia-pais-venezuela\/#breadcrumb\",\"itemListElement\":[{\"@type\":\"ListItem\",\"position\":1,\"name\":\"Home\",\"item\":\"https:\/\/tigmconsulting-us.com\/\"},{\"@type\":\"ListItem\",\"position\":2,\"name\":\"Experiencia &#8211; Pa\u00eds -Venezuela\"}]},{\"@type\":\"WebSite\",\"@id\":\"https:\/\/tigmconsulting-us.com\/#website\",\"url\":\"https:\/\/tigmconsulting-us.com\/\",\"name\":\"TIGM Consulting\",\"description\":\"Tecnolog\u00eda e innovaci\u00f3n en gesti\u00f3n de mercado\",\"publisher\":{\"@id\":\"https:\/\/tigmconsulting-us.com\/#organization\"},\"potentialAction\":[{\"@type\":\"SearchAction\",\"target\":{\"@type\":\"EntryPoint\",\"urlTemplate\":\"https:\/\/tigmconsulting-us.com\/?s={search_term_string}\"},\"query-input\":\"required name=search_term_string\"}],\"inLanguage\":\"en-US\"},{\"@type\":\"Organization\",\"@id\":\"https:\/\/tigmconsulting-us.com\/#organization\",\"name\":\"TIGM\",\"url\":\"https:\/\/tigmconsulting-us.com\/\",\"logo\":{\"@type\":\"ImageObject\",\"inLanguage\":\"en-US\",\"@id\":\"https:\/\/tigmconsulting-us.com\/#\/schema\/logo\/image\/\",\"url\":\"https:\/\/tigmconsulting-us.com\/wp-content\/uploads\/2019\/11\/img-logo-v1.png\",\"contentUrl\":\"https:\/\/tigmconsulting-us.com\/wp-content\/uploads\/2019\/11\/img-logo-v1.png\",\"width\":139,\"height\":113,\"caption\":\"TIGM\"},\"image\":{\"@id\":\"https:\/\/tigmconsulting-us.com\/#\/schema\/logo\/image\/\"}}]}<\/script>\n<!-- \/ Yoast SEO plugin. -->","yoast_head_json":{"title":"Experiencia - Pa\u00eds -Venezuela - TIGM Consulting","robots":{"index":"index","follow":"follow","max-snippet":"max-snippet:-1","max-image-preview":"max-image-preview:large","max-video-preview":"max-video-preview:-1"},"canonical":"https:\/\/tigmconsulting-us.com\/en\/experiencia-pais-venezuela\/","og_locale":"en_US","og_type":"article","og_title":"Experiencia - Pa\u00eds -Venezuela - TIGM Consulting","og_url":"https:\/\/tigmconsulting-us.com\/en\/experiencia-pais-venezuela\/","og_site_name":"TIGM Consulting","article_modified_time":"2022-06-11T17:42:02+00:00","twitter_card":"summary_large_image","twitter_misc":{"Est. reading time":"3 minutes"},"schema":{"@context":"https:\/\/schema.org","@graph":[{"@type":"WebPage","@id":"https:\/\/tigmconsulting-us.com\/experiencia-pais-venezuela\/","url":"https:\/\/tigmconsulting-us.com\/experiencia-pais-venezuela\/","name":"Experiencia - Pa\u00eds -Venezuela - TIGM Consulting","isPartOf":{"@id":"https:\/\/tigmconsulting-us.com\/#website"},"datePublished":"2022-06-10T21:28:38+00:00","dateModified":"2022-06-11T17:42:02+00:00","breadcrumb":{"@id":"https:\/\/tigmconsulting-us.com\/experiencia-pais-venezuela\/#breadcrumb"},"inLanguage":"en-US","potentialAction":[{"@type":"ReadAction","target":["https:\/\/tigmconsulting-us.com\/experiencia-pais-venezuela\/"]}]},{"@type":"BreadcrumbList","@id":"https:\/\/tigmconsulting-us.com\/experiencia-pais-venezuela\/#breadcrumb","itemListElement":[{"@type":"ListItem","position":1,"name":"Home","item":"https:\/\/tigmconsulting-us.com\/"},{"@type":"ListItem","position":2,"name":"Experiencia &#8211; Pa\u00eds -Venezuela"}]},{"@type":"WebSite","@id":"https:\/\/tigmconsulting-us.com\/#website","url":"https:\/\/tigmconsulting-us.com\/","name":"TIGM Consulting","description":"Tecnolog\u00eda e innovaci\u00f3n en gesti\u00f3n de mercado","publisher":{"@id":"https:\/\/tigmconsulting-us.com\/#organization"},"potentialAction":[{"@type":"SearchAction","target":{"@type":"EntryPoint","urlTemplate":"https:\/\/tigmconsulting-us.com\/?s={search_term_string}"},"query-input":"required name=search_term_string"}],"inLanguage":"en-US"},{"@type":"Organization","@id":"https:\/\/tigmconsulting-us.com\/#organization","name":"TIGM","url":"https:\/\/tigmconsulting-us.com\/","logo":{"@type":"ImageObject","inLanguage":"en-US","@id":"https:\/\/tigmconsulting-us.com\/#\/schema\/logo\/image\/","url":"https:\/\/tigmconsulting-us.com\/wp-content\/uploads\/2019\/11\/img-logo-v1.png","contentUrl":"https:\/\/tigmconsulting-us.com\/wp-content\/uploads\/2019\/11\/img-logo-v1.png","width":139,"height":113,"caption":"TIGM"},"image":{"@id":"https:\/\/tigmconsulting-us.com\/#\/schema\/logo\/image\/"}}]}},"_links":{"self":[{"href":"https:\/\/tigmconsulting-us.com\/en\/wp-json\/wp\/v2\/pages\/917"}],"collection":[{"href":"https:\/\/tigmconsulting-us.com\/en\/wp-json\/wp\/v2\/pages"}],"about":[{"href":"https:\/\/tigmconsulting-us.com\/en\/wp-json\/wp\/v2\/types\/page"}],"author":[{"embeddable":true,"href":"https:\/\/tigmconsulting-us.com\/en\/wp-json\/wp\/v2\/users\/1"}],"replies":[{"embeddable":true,"href":"https:\/\/tigmconsulting-us.com\/en\/wp-json\/wp\/v2\/comments?post=917"}],"version-history":[{"count":3,"href":"https:\/\/tigmconsulting-us.com\/en\/wp-json\/wp\/v2\/pages\/917\/revisions"}],"predecessor-version":[{"id":920,"href":"https:\/\/tigmconsulting-us.com\/en\/wp-json\/wp\/v2\/pages\/917\/revisions\/920"}],"wp:attachment":[{"href":"https:\/\/tigmconsulting-us.com\/en\/wp-json\/wp\/v2\/media?parent=917"}],"wp:term":[{"taxonomy":"category","embeddable":true,"href":"https:\/\/tigmconsulting-us.com\/en\/wp-json\/wp\/v2\/categories?post=917"},{"taxonomy":"post_tag","embeddable":true,"href":"https:\/\/tigmconsulting-us.com\/en\/wp-json\/wp\/v2\/tags?post=917"}],"curies":[{"name":"wp","href":"https:\/\/api.w.org\/{rel}","templated":true}]}}