{"id":925,"date":"2022-06-10T22:44:55","date_gmt":"2022-06-10T22:44:55","guid":{"rendered":"https:\/\/tigmconsulting-us.com\/?page_id=925"},"modified":"2022-06-11T17:42:56","modified_gmt":"2022-06-11T17:42:56","slug":"experiencia-agro-industria-agroquimica","status":"publish","type":"page","link":"https:\/\/tigmconsulting-us.com\/en\/experiencia-agro-industria-agroquimica\/","title":{"rendered":"Experience \u2013 Agro Industry \u2013 Agrochemicals"},"content":{"rendered":"<div data-vc-full-width=\"true\" data-vc-full-width-init=\"false\" class=\"vc_row wpb_row vc_row-fluid vc_custom_1576728938967 vc_row-has-fill vc_row-o-content-bottom vc_row-flex\"><div class=\"wpb_column vc_column_container vc_col-sm-12\"><div class=\"vc_column-inner\"><div class=\"wpb_wrapper\"><h2 style=\"text-align: left;font-family:Lato;font-weight:300;font-style:normal\" class=\"vc_custom_heading\" >Experience - Agro Industry - Chemistry<\/h2><\/div><\/div><\/div><\/div><div class=\"vc_row-full-width vc_clearfix\"><\/div><div data-vc-full-width=\"true\" data-vc-full-width-init=\"false\" class=\"vc_row wpb_row vc_row-fluid vc_custom_1576730169692 vc_row-has-fill vc_row-o-content-middle vc_row-flex\"><div class=\"wpb_column vc_column_container vc_col-sm-12\"><div class=\"vc_column-inner\"><div class=\"wpb_wrapper\"><h4 style=\"color: #0a0a0a;text-align: justify;font-family:Lato;font-weight:300;font-style:normal\" class=\"vc_custom_heading\" >We are passionate about improving customer management processes and customer experience for each of our clients by applying the best practices, requirements and strategy of their business and our previous experience.<\/h4><div class=\"vc_separator wpb_content_element vc_separator_align_center vc_sep_width_20 vc_sep_pos_align_center vc_separator_no_text vc_sep_color_white\" ><span class=\"vc_sep_holder vc_sep_holder_l\"><span  class=\"vc_sep_line\"><\/span><\/span><span class=\"vc_sep_holder vc_sep_holder_r\"><span  class=\"vc_sep_line\"><\/span><\/span>\n<\/div><h4 style=\"color: #0a0a0a;text-align: justify;font-family:Lato;font-weight:300;font-style:normal\" class=\"vc_custom_heading\" >Below is our project experience to date:<\/h4><div class=\"vc_separator wpb_content_element vc_separator_align_center vc_sep_width_20 vc_sep_pos_align_center vc_separator_no_text vc_sep_color_white\" ><span class=\"vc_sep_holder vc_sep_holder_l\"><span  class=\"vc_sep_line\"><\/span><\/span><span class=\"vc_sep_holder vc_sep_holder_r\"><span  class=\"vc_sep_line\"><\/span><\/span>\n<\/div><div class=\"vc_separator wpb_content_element vc_separator_align_center vc_sep_width_100 vc_sep_border_width_3 vc_sep_pos_align_center vc_separator_no_text vc_sep_color_grey\" ><span class=\"vc_sep_holder vc_sep_holder_l\"><span  class=\"vc_sep_line\"><\/span><\/span><span class=\"vc_sep_holder vc_sep_holder_r\"><span  class=\"vc_sep_line\"><\/span><\/span>\n<\/div><\/div><\/div><\/div><div class=\"wpb_column vc_column_container vc_col-sm-12\"><div class=\"vc_column-inner\"><div class=\"wpb_wrapper\"><div class=\"vc_empty_space\"   style=\"height: 32px\"><span class=\"vc_empty_space_inner\"><\/span><\/div>\n\t<div  class=\"wpb_single_image wpb_content_element vc_align_left\">\n\t\t\n\t\t<figure class=\"wpb_wrapper vc_figure\">\n\t\t\t<a href=\"https:\/\/www.polakgrupo.com\/\" target=\"_self\" class=\"vc_single_image-wrapper   vc_box_border_grey\"><img loading=\"lazy\" decoding=\"async\" width=\"80\" height=\"37\" src=\"https:\/\/tigmconsulting-us.com\/wp-content\/uploads\/2022\/05\/logo-e1441049596874.png\" class=\"vc_single_image-img attachment-thumbnail\" alt=\"\" \/><\/a>\n\t\t<\/figure>\n\t<\/div>\n<div class=\"vc_empty_space\"   style=\"height: 32px\"><span class=\"vc_empty_space_inner\"><\/span><\/div>\n\t<div class=\"wpb_text_column wpb_content_element\" >\n\t\t<div class=\"wpb_wrapper\">\n\t\t\t<p><strong><span class=\"NormalTextRun SCXW253823239 BCX0\"><em>Company name: <\/em><\/span><\/strong><span class=\"NormalTextRun SCXW253823239 BCX0\">Melo Group<\/span><\/p>\n<p><em><strong>Project name:<\/strong><\/em> Implementation of SAP Sales &amp; Service cloud for Grupo Melo<\/p>\n<p><em><strong><span class=\"NormalTextRun SCXW112463203 BCX0\">Project dates<\/span><\/strong><\/em><span class=\"NormalTextRun SCXW112463203 BCX0\"><em><strong>:\u00a0<\/strong><\/em>jan. 2020 \u2013 Mar. 2021<\/span><\/p>\n<p><em><strong>Project Scope:<\/strong><\/em><br \/>\n\u2013 CRM Architect for the definition of the operating model for Machinery, Automotive and Real Estate companies<br \/>\n\u2013 SAP Sales &amp; Servic cloud integration with ERP SAP S4 Hana<br \/>\n\u2013 Demand generation and commercial management process<br \/>\n\u2013 Sales force automation<br \/>\n\u2013 Customer service process, requests, complaints and claims<br \/>\n\u2013 Pot-sale management process for machinery<\/p>\n<p><em><span class=\"TextRun SCXW203391881 BCX0\" lang=\"ES-ES\" xml:lang=\"ES-ES\" data-contrast=\"auto\"><span class=\"NormalTextRun SCXW203391881 BCX0\"><strong>Industry:<\/strong> Agriculture \/ Automotive (Heavy Machinery and Vehicles) \/ Real Estate<\/span><\/span><\/em><\/p>\n<p><span class=\"TextRun SCXW38490387 BCX0\" lang=\"ES-ES\" xml:lang=\"ES-ES\" data-contrast=\"auto\"><span class=\"NormalTextRun SCXW38490387 BCX0\"><em><strong>Country:<\/strong> Panama<\/em><\/span><\/span><\/p>\n<p><em><strong>Web page:<\/strong><\/em> <a href=\"https:\/\/grupomelo.com\/\">https:\/\/grupomelo.com\/<\/a><\/p>\n\n\t\t<\/div>\n\t<\/div>\n\n\t<div  class=\"wpb_single_image wpb_content_element vc_align_left\">\n\t\t\n\t\t<figure class=\"wpb_wrapper vc_figure\">\n\t\t\t<a href=\"https:\/\/www.polakgrupo.com\/\" target=\"_self\" class=\"vc_single_image-wrapper   vc_box_border_grey\"><img loading=\"lazy\" decoding=\"async\" width=\"150\" height=\"150\" src=\"https:\/\/tigmconsulting-us.com\/wp-content\/uploads\/2019\/12\/img-logo-aliados01-150x150.jpg\" class=\"vc_single_image-img attachment-thumbnail\" alt=\"polak-grupo\" srcset=\"https:\/\/tigmconsulting-us.com\/wp-content\/uploads\/2019\/12\/img-logo-aliados01-150x150.jpg 150w, https:\/\/tigmconsulting-us.com\/wp-content\/uploads\/2019\/12\/img-logo-aliados01.jpg 300w\" sizes=\"(max-width: 150px) 100vw, 150px\" \/><\/a>\n\t\t<\/figure>\n\t<\/div>\n<div class=\"vc_empty_space\"   style=\"height: 32px\"><span class=\"vc_empty_space_inner\"><\/span><\/div>\n\t<div class=\"wpb_text_column wpb_content_element\" >\n\t\t<div class=\"wpb_wrapper\">\n\t\t\t<p><strong><span class=\"NormalTextRun SCXW253823239 BCX0\"><em>Company name: <\/em><\/span><\/strong><span class=\"NormalTextRun SCXW253823239 BCX0\">POLAK Group<\/span><\/p>\n<p><em><strong>Project name<\/strong><\/em>: Commercial and Customer Service Management Optimization Project<\/p>\n<p><em><strong><span class=\"NormalTextRun SCXW140388705 BCX0\">Project dates<\/span><\/strong><\/em><span class=\"NormalTextRun SCXW140388705 BCX0\"><em><strong>: <\/strong><\/em>sept. 2019 \u2013 present<\/span><\/p>\n<p><em><strong>Project Scope<\/strong><\/em>:<br \/>\n\u2013 Commercial management and sales process integrated with SAP ERP<br \/>\n\u2013 Collection management process integrated with SAP ERP<br \/>\n\u2013 Segmentation process and potential of prospects and clients<br \/>\n\u2013 New Product Development Process<br \/>\n\u2013 Sample management process for clients<\/p>\n<p>\u2013 B2B email campaign management process<\/p>\n<p>Continuity is provided with the support service and process improvements in the SAP Sales and Service cloud solution.<\/p>\n<p><em><span class=\"TextRun SCXW203391881 BCX0\" lang=\"ES-ES\" xml:lang=\"ES-ES\" data-contrast=\"auto\"><span class=\"NormalTextRun SCXW203391881 BCX0\"><strong>Industry: <\/strong><\/span><\/span><\/em><span class=\"TextRun SCXW203391881 BCX0\" lang=\"ES-ES\" xml:lang=\"ES-ES\" data-contrast=\"auto\"><span class=\"NormalTextRun SCXW203391881 BCX0\">Chemical manufacturing<\/span><\/span><\/p>\n<p><em><strong>Country:\u00a0<\/strong><\/em>Mexico Federal District<\/p>\n<p><em><strong>Web page<\/strong><\/em>: <a href=\"https:\/\/www.polakgrupo.com\/\">https:\/\/www.polakgrupo.com\/<\/a><\/p>\n\n\t\t<\/div>\n\t<\/div>\n<div class=\"vc_empty_space\"   style=\"height: 32px\"><span class=\"vc_empty_space_inner\"><\/span><\/div><div class=\"vc_separator wpb_content_element vc_separator_align_center vc_sep_width_100 vc_sep_border_width_3 vc_sep_pos_align_center vc_separator_no_text vc_sep_color_grey\" ><span class=\"vc_sep_holder vc_sep_holder_l\"><span  class=\"vc_sep_line\"><\/span><\/span><span class=\"vc_sep_holder vc_sep_holder_r\"><span  class=\"vc_sep_line\"><\/span><\/span>\n<\/div><div class=\"vc_empty_space\"   style=\"height: 32px\"><span class=\"vc_empty_space_inner\"><\/span><\/div>\n\t<div  class=\"wpb_single_image wpb_content_element vc_align_left\">\n\t\t\n\t\t<figure class=\"wpb_wrapper vc_figure\">\n\t\t\t<a href=\"https:\/\/puremin.com\/es\/\" target=\"_self\" class=\"vc_single_image-wrapper   vc_box_border_grey\"><img loading=\"lazy\" decoding=\"async\" width=\"100\" height=\"71\" src=\"https:\/\/tigmconsulting-us.com\/wp-content\/uploads\/2022\/05\/admin-ajax-4.png\" class=\"vc_single_image-img attachment-thumbnail\" alt=\"\" \/><\/a>\n\t\t<\/figure>\n\t<\/div>\n<div class=\"vc_empty_space\"   style=\"height: 32px\"><span class=\"vc_empty_space_inner\"><\/span><\/div>\n\t<div class=\"wpb_text_column wpb_content_element\" >\n\t\t<div class=\"wpb_wrapper\">\n\t\t\t<p><strong><span class=\"NormalTextRun SCXW253823239 BCX0\"><em>Company name:\u00a0<\/em><\/span><\/strong><span class=\"NormalTextRun SCXW253823239 BCX0\">Puremin<\/span><\/p>\n<p><em><strong>Project name<\/strong><\/em>: SAP Sales Cloud implementation for commercial management process<\/p>\n<p><em><strong><span class=\"NormalTextRun SCXW112463203 BCX0\">Project dates<\/span><\/strong><\/em><span class=\"NormalTextRun SCXW112463203 BCX0\"><em><strong>:\u00a0<\/strong><\/em>sea. 2021 \u2013 Nov. 2021<\/span><\/p>\n<p><em><strong>Project scope:<\/strong><\/em> Implementation of the SAP Sales &amp; Service cloud solution for sales areas with the following scope of processes:<br \/>\n\u2013 Integrated view of the client<br \/>\n\u2013 Registration and Management of prospects<br \/>\n\u2013 Prospect qualification<br \/>\n\u2013 Management of sales opportunities and commercial development<br \/>\n\u2013 Quote management<br \/>\n\u2013 Reports and management indicators of the processes in scope.<\/p>\n<p><em><span class=\"TextRun SCXW203391881 BCX0\" lang=\"ES-ES\" xml:lang=\"ES-ES\" data-contrast=\"auto\"><span class=\"NormalTextRun SCXW203391881 BCX0\"><strong>Industry:\u00a0<\/strong><\/span><\/span><\/em><span class=\"TextRun SCXW203391881 BCX0\" lang=\"ES-ES\" xml:lang=\"ES-ES\" data-contrast=\"auto\"><span class=\"NormalTextRun SCXW203391881 BCX0\">Chemical manufacturing<\/span><\/span><\/p>\n<p><em><strong>Country:\u00a0<\/strong><\/em>Mexico<\/p>\n<p><em><strong>Web page<\/strong><\/em>: <a href=\"https:\/\/puremin.com\/es\/\">https:\/\/puremin.com\/es\/<\/a><\/p>\n\n\t\t<\/div>\n\t<\/div>\n<div class=\"vc_empty_space\"   style=\"height: 32px\"><span class=\"vc_empty_space_inner\"><\/span><\/div><div class=\"vc_separator wpb_content_element vc_separator_align_center vc_sep_width_100 vc_sep_border_width_3 vc_sep_pos_align_center vc_separator_no_text vc_sep_color_grey\" ><span class=\"vc_sep_holder vc_sep_holder_l\"><span  class=\"vc_sep_line\"><\/span><\/span><span class=\"vc_sep_holder vc_sep_holder_r\"><span  class=\"vc_sep_line\"><\/span><\/span>\n<\/div><div class=\"vc_empty_space\"   style=\"height: 32px\"><span class=\"vc_empty_space_inner\"><\/span><\/div>\n\t<div  class=\"wpb_single_image wpb_content_element vc_align_left\">\n\t\t\n\t\t<figure class=\"wpb_wrapper vc_figure\">\n\t\t\t<a href=\"https:\/\/www.interoc.biz\/\" target=\"_self\" class=\"vc_single_image-wrapper   vc_box_border_grey\"><img loading=\"lazy\" decoding=\"async\" width=\"150\" height=\"105\" src=\"https:\/\/tigmconsulting-us.com\/wp-content\/uploads\/2022\/05\/admin-ajax-1.jpg\" class=\"vc_single_image-img attachment-thumbnail\" alt=\"\" \/><\/a>\n\t\t<\/figure>\n\t<\/div>\n<div class=\"vc_empty_space\"   style=\"height: 32px\"><span class=\"vc_empty_space_inner\"><\/span><\/div>\n\t<div class=\"wpb_text_column wpb_content_element\" >\n\t\t<div class=\"wpb_wrapper\">\n\t\t\t<p><strong><span class=\"NormalTextRun SCXW253823239 BCX0\"><em>Company name: <\/em><\/span><\/strong><span class=\"NormalTextRun SCXW253823239 BCX0\">INTEROC<\/span><\/p>\n<p><em><strong>Project name:<\/strong><\/em> SAP Sales &amp; service cloud implementation<\/p>\n<p><em><strong><span class=\"NormalTextRun SCXW112463203 BCX0\">Project dates<\/span><\/strong><\/em><span class=\"NormalTextRun SCXW112463203 BCX0\"><em><strong>:\u00a0<\/strong><\/em>jul. 2017 \u2013 Mar. 2018<\/span><\/p>\n<p><em><strong>Project scope:<\/strong><\/em> Implementation of the SAP Sales &amp; Service cloud solution for sales areas with the following scope of processes:<br \/>\n\u2013 Integration of SAP Sales &amp; Service cloud with 2 SAP ERP systems and two non-SAP systems<br \/>\n\u2013 Commercial management process<br \/>\n\u2013 H2 Methodology Process, own of Interoc<br \/>\n\u2013 Management and knowledge of farmers, end customers, and analysis of indirect sales potential<br \/>\n\u2013 Commercial management of Distributors and Direct clients<br \/>\n\u2013 Analysis of Sell In and Sell out in distributors<br \/>\n\u2013 Market intelligence at point of sale distributors<br \/>\n\u2013 Reports and management indicators of the processes in scope<\/p>\n<p><em><span class=\"TextRun SCXW203391881 BCX0\" lang=\"ES-ES\" xml:lang=\"ES-ES\" data-contrast=\"auto\"><span class=\"NormalTextRun SCXW203391881 BCX0\"><strong>Industry:<\/strong>\u00a0<\/span><\/span><\/em><span class=\"TextRun SCXW33076351 BCX0\" lang=\"ES-ES\" xml:lang=\"ES-ES\" data-contrast=\"auto\"><span class=\"NormalTextRun SCXW33076351 BCX0\">Agriculture<\/span><\/span><\/p>\n<p><span class=\"TextRun SCXW38490387 BCX0\" lang=\"ES-ES\" xml:lang=\"ES-ES\" data-contrast=\"auto\"><span class=\"NormalTextRun SCXW38490387 BCX0\"><em><strong>Country: <\/strong><\/em>Peru<\/span><\/span><\/p>\n<p><em><strong>Web page:<\/strong><\/em> <a href=\"https:\/\/www.interoc.biz\/\">https:\/\/www.interoc.biz\/<\/a><\/p>\n\n\t\t<\/div>\n\t<\/div>\n<div class=\"vc_empty_space\"   style=\"height: 32px\"><span class=\"vc_empty_space_inner\"><\/span><\/div><div class=\"vc_separator wpb_content_element vc_separator_align_center vc_sep_width_100 vc_sep_border_width_3 vc_sep_pos_align_center vc_separator_no_text vc_sep_color_grey\" ><span class=\"vc_sep_holder vc_sep_holder_l\"><span  class=\"vc_sep_line\"><\/span><\/span><span class=\"vc_sep_holder vc_sep_holder_r\"><span  class=\"vc_sep_line\"><\/span><\/span>\n<\/div><\/div><\/div><\/div><\/div><div class=\"vc_row-full-width vc_clearfix\"><\/div>","protected":false},"excerpt":{"rendered":"Experience - Agroindustry - Chemicals We are passionate about improving customer management and customer experience processes for each of our clients by applying the best practices, requirements, and strategies of their business, along with our prior experience. Below is our project experience to date: Company name: Grupo Melo Company name: [...]","protected":false},"author":1,"featured_media":0,"parent":0,"menu_order":0,"comment_status":"closed","ping_status":"closed","template":"","meta":{"footnotes":""},"categories":[32],"tags":[46],"class_list":["post-925","page","type-page","status-publish","hentry","category-industria-agro-industria-quimica","tag-experienciatigmconsulting"],"yoast_head":"<!-- This site is optimized with the Yoast SEO plugin v22.9 - https:\/\/yoast.com\/wordpress\/plugins\/seo\/ -->\n<title>Experiencia - Agro Industria - Agroqu\u00edmica - TIGM Consulting<\/title>\n<meta name=\"robots\" content=\"index, follow, max-snippet:-1, max-image-preview:large, max-video-preview:-1\" \/>\n<link rel=\"canonical\" href=\"https:\/\/tigmconsulting-us.com\/en\/experiencia-agro-industria-agroquimica\/\" \/>\n<meta property=\"og:locale\" content=\"en_US\" \/>\n<meta property=\"og:type\" content=\"article\" \/>\n<meta property=\"og:title\" content=\"Experiencia - Agro Industria - Agroqu\u00edmica - TIGM Consulting\" \/>\n<meta property=\"og:url\" content=\"https:\/\/tigmconsulting-us.com\/en\/experiencia-agro-industria-agroquimica\/\" \/>\n<meta property=\"og:site_name\" content=\"TIGM Consulting\" \/>\n<meta property=\"article:modified_time\" content=\"2022-06-11T17:42:56+00:00\" \/>\n<meta name=\"twitter:card\" content=\"summary_large_image\" \/>\n<meta name=\"twitter:label1\" content=\"Est. reading time\" \/>\n\t<meta name=\"twitter:data1\" content=\"2 minutes\" \/>\n<script type=\"application\/ld+json\" class=\"yoast-schema-graph\">{\"@context\":\"https:\/\/schema.org\",\"@graph\":[{\"@type\":\"WebPage\",\"@id\":\"https:\/\/tigmconsulting-us.com\/experiencia-agro-industria-agroquimica\/\",\"url\":\"https:\/\/tigmconsulting-us.com\/experiencia-agro-industria-agroquimica\/\",\"name\":\"Experiencia - Agro Industria - Agroqu\u00edmica - TIGM Consulting\",\"isPartOf\":{\"@id\":\"https:\/\/tigmconsulting-us.com\/#website\"},\"datePublished\":\"2022-06-10T22:44:55+00:00\",\"dateModified\":\"2022-06-11T17:42:56+00:00\",\"breadcrumb\":{\"@id\":\"https:\/\/tigmconsulting-us.com\/experiencia-agro-industria-agroquimica\/#breadcrumb\"},\"inLanguage\":\"en-US\",\"potentialAction\":[{\"@type\":\"ReadAction\",\"target\":[\"https:\/\/tigmconsulting-us.com\/experiencia-agro-industria-agroquimica\/\"]}]},{\"@type\":\"BreadcrumbList\",\"@id\":\"https:\/\/tigmconsulting-us.com\/experiencia-agro-industria-agroquimica\/#breadcrumb\",\"itemListElement\":[{\"@type\":\"ListItem\",\"position\":1,\"name\":\"Home\",\"item\":\"https:\/\/tigmconsulting-us.com\/\"},{\"@type\":\"ListItem\",\"position\":2,\"name\":\"Experiencia &#8211; Agro Industria &#8211; Agroqu\u00edmica\"}]},{\"@type\":\"WebSite\",\"@id\":\"https:\/\/tigmconsulting-us.com\/#website\",\"url\":\"https:\/\/tigmconsulting-us.com\/\",\"name\":\"TIGM Consulting\",\"description\":\"Tecnolog\u00eda e innovaci\u00f3n en gesti\u00f3n de mercado\",\"publisher\":{\"@id\":\"https:\/\/tigmconsulting-us.com\/#organization\"},\"potentialAction\":[{\"@type\":\"SearchAction\",\"target\":{\"@type\":\"EntryPoint\",\"urlTemplate\":\"https:\/\/tigmconsulting-us.com\/?s={search_term_string}\"},\"query-input\":\"required name=search_term_string\"}],\"inLanguage\":\"en-US\"},{\"@type\":\"Organization\",\"@id\":\"https:\/\/tigmconsulting-us.com\/#organization\",\"name\":\"TIGM\",\"url\":\"https:\/\/tigmconsulting-us.com\/\",\"logo\":{\"@type\":\"ImageObject\",\"inLanguage\":\"en-US\",\"@id\":\"https:\/\/tigmconsulting-us.com\/#\/schema\/logo\/image\/\",\"url\":\"https:\/\/tigmconsulting-us.com\/wp-content\/uploads\/2019\/11\/img-logo-v1.png\",\"contentUrl\":\"https:\/\/tigmconsulting-us.com\/wp-content\/uploads\/2019\/11\/img-logo-v1.png\",\"width\":139,\"height\":113,\"caption\":\"TIGM\"},\"image\":{\"@id\":\"https:\/\/tigmconsulting-us.com\/#\/schema\/logo\/image\/\"}}]}<\/script>\n<!-- \/ Yoast SEO plugin. -->","yoast_head_json":{"title":"Experiencia - Agro Industria - Agroqu\u00edmica - TIGM Consulting","robots":{"index":"index","follow":"follow","max-snippet":"max-snippet:-1","max-image-preview":"max-image-preview:large","max-video-preview":"max-video-preview:-1"},"canonical":"https:\/\/tigmconsulting-us.com\/en\/experiencia-agro-industria-agroquimica\/","og_locale":"en_US","og_type":"article","og_title":"Experiencia - Agro Industria - Agroqu\u00edmica - TIGM Consulting","og_url":"https:\/\/tigmconsulting-us.com\/en\/experiencia-agro-industria-agroquimica\/","og_site_name":"TIGM Consulting","article_modified_time":"2022-06-11T17:42:56+00:00","twitter_card":"summary_large_image","twitter_misc":{"Est. reading time":"2 minutes"},"schema":{"@context":"https:\/\/schema.org","@graph":[{"@type":"WebPage","@id":"https:\/\/tigmconsulting-us.com\/experiencia-agro-industria-agroquimica\/","url":"https:\/\/tigmconsulting-us.com\/experiencia-agro-industria-agroquimica\/","name":"Experiencia - Agro Industria - Agroqu\u00edmica - TIGM Consulting","isPartOf":{"@id":"https:\/\/tigmconsulting-us.com\/#website"},"datePublished":"2022-06-10T22:44:55+00:00","dateModified":"2022-06-11T17:42:56+00:00","breadcrumb":{"@id":"https:\/\/tigmconsulting-us.com\/experiencia-agro-industria-agroquimica\/#breadcrumb"},"inLanguage":"en-US","potentialAction":[{"@type":"ReadAction","target":["https:\/\/tigmconsulting-us.com\/experiencia-agro-industria-agroquimica\/"]}]},{"@type":"BreadcrumbList","@id":"https:\/\/tigmconsulting-us.com\/experiencia-agro-industria-agroquimica\/#breadcrumb","itemListElement":[{"@type":"ListItem","position":1,"name":"Home","item":"https:\/\/tigmconsulting-us.com\/"},{"@type":"ListItem","position":2,"name":"Experiencia &#8211; Agro Industria &#8211; Agroqu\u00edmica"}]},{"@type":"WebSite","@id":"https:\/\/tigmconsulting-us.com\/#website","url":"https:\/\/tigmconsulting-us.com\/","name":"TIGM Consulting","description":"Tecnolog\u00eda e innovaci\u00f3n en gesti\u00f3n de mercado","publisher":{"@id":"https:\/\/tigmconsulting-us.com\/#organization"},"potentialAction":[{"@type":"SearchAction","target":{"@type":"EntryPoint","urlTemplate":"https:\/\/tigmconsulting-us.com\/?s={search_term_string}"},"query-input":"required name=search_term_string"}],"inLanguage":"en-US"},{"@type":"Organization","@id":"https:\/\/tigmconsulting-us.com\/#organization","name":"TIGM","url":"https:\/\/tigmconsulting-us.com\/","logo":{"@type":"ImageObject","inLanguage":"en-US","@id":"https:\/\/tigmconsulting-us.com\/#\/schema\/logo\/image\/","url":"https:\/\/tigmconsulting-us.com\/wp-content\/uploads\/2019\/11\/img-logo-v1.png","contentUrl":"https:\/\/tigmconsulting-us.com\/wp-content\/uploads\/2019\/11\/img-logo-v1.png","width":139,"height":113,"caption":"TIGM"},"image":{"@id":"https:\/\/tigmconsulting-us.com\/#\/schema\/logo\/image\/"}}]}},"_links":{"self":[{"href":"https:\/\/tigmconsulting-us.com\/en\/wp-json\/wp\/v2\/pages\/925"}],"collection":[{"href":"https:\/\/tigmconsulting-us.com\/en\/wp-json\/wp\/v2\/pages"}],"about":[{"href":"https:\/\/tigmconsulting-us.com\/en\/wp-json\/wp\/v2\/types\/page"}],"author":[{"embeddable":true,"href":"https:\/\/tigmconsulting-us.com\/en\/wp-json\/wp\/v2\/users\/1"}],"replies":[{"embeddable":true,"href":"https:\/\/tigmconsulting-us.com\/en\/wp-json\/wp\/v2\/comments?post=925"}],"version-history":[{"count":7,"href":"https:\/\/tigmconsulting-us.com\/en\/wp-json\/wp\/v2\/pages\/925\/revisions"}],"predecessor-version":[{"id":981,"href":"https:\/\/tigmconsulting-us.com\/en\/wp-json\/wp\/v2\/pages\/925\/revisions\/981"}],"wp:attachment":[{"href":"https:\/\/tigmconsulting-us.com\/en\/wp-json\/wp\/v2\/media?parent=925"}],"wp:term":[{"taxonomy":"category","embeddable":true,"href":"https:\/\/tigmconsulting-us.com\/en\/wp-json\/wp\/v2\/categories?post=925"},{"taxonomy":"post_tag","embeddable":true,"href":"https:\/\/tigmconsulting-us.com\/en\/wp-json\/wp\/v2\/tags?post=925"}],"curies":[{"name":"wp","href":"https:\/\/api.w.org\/{rel}","templated":true}]}}