{"id":941,"date":"2022-06-10T23:33:26","date_gmt":"2022-06-10T23:33:26","guid":{"rendered":"https:\/\/tigmconsulting-us.com\/?page_id=941"},"modified":"2022-06-11T17:22:11","modified_gmt":"2022-06-11T17:22:11","slug":"experiencia-industria-servicios","status":"publish","type":"page","link":"https:\/\/tigmconsulting-us.com\/en\/experiencia-industria-servicios\/","title":{"rendered":"Experience \u2013 Industry \u2013 Services"},"content":{"rendered":"<div data-vc-full-width=\"true\" data-vc-full-width-init=\"false\" class=\"vc_row wpb_row vc_row-fluid vc_custom_1576728938967 vc_row-has-fill vc_row-o-content-bottom vc_row-flex\"><div class=\"wpb_column vc_column_container vc_col-sm-12\"><div class=\"vc_column-inner\"><div class=\"wpb_wrapper\"><h2 style=\"text-align: left;font-family:Lato;font-weight:300;font-style:normal\" class=\"vc_custom_heading\" >Experience - Industry - Services<\/h2><\/div><\/div><\/div><\/div><div class=\"vc_row-full-width vc_clearfix\"><\/div><div data-vc-full-width=\"true\" data-vc-full-width-init=\"false\" class=\"vc_row wpb_row vc_row-fluid vc_custom_1576730169692 vc_row-has-fill vc_row-o-content-middle vc_row-flex\"><div class=\"wpb_column vc_column_container vc_col-sm-12\"><div class=\"vc_column-inner\"><div class=\"wpb_wrapper\"><h4 style=\"color: #0a0a0a;text-align: justify;font-family:Lato;font-weight:300;font-style:normal\" class=\"vc_custom_heading\" >We are passionate about improving customer management processes and customer experience for each of our clients by applying the best practices, requirements and strategy of their business and our previous experience.<\/h4><div class=\"vc_separator wpb_content_element vc_separator_align_center vc_sep_width_20 vc_sep_pos_align_center vc_separator_no_text vc_sep_color_white\" ><span class=\"vc_sep_holder vc_sep_holder_l\"><span  class=\"vc_sep_line\"><\/span><\/span><span class=\"vc_sep_holder vc_sep_holder_r\"><span  class=\"vc_sep_line\"><\/span><\/span>\n<\/div><h4 style=\"color: #0a0a0a;text-align: justify;font-family:Lato;font-weight:300;font-style:normal\" class=\"vc_custom_heading\" >Below is our project experience to date:<\/h4><div class=\"vc_separator wpb_content_element vc_separator_align_center vc_sep_width_20 vc_sep_pos_align_center vc_separator_no_text vc_sep_color_white\" ><span class=\"vc_sep_holder vc_sep_holder_l\"><span  class=\"vc_sep_line\"><\/span><\/span><span class=\"vc_sep_holder vc_sep_holder_r\"><span  class=\"vc_sep_line\"><\/span><\/span>\n<\/div><div class=\"vc_separator wpb_content_element vc_separator_align_center vc_sep_width_100 vc_sep_border_width_3 vc_sep_pos_align_center vc_separator_no_text vc_sep_color_grey\" ><span class=\"vc_sep_holder vc_sep_holder_l\"><span  class=\"vc_sep_line\"><\/span><\/span><span class=\"vc_sep_holder vc_sep_holder_r\"><span  class=\"vc_sep_line\"><\/span><\/span>\n<\/div><\/div><\/div><\/div><div class=\"wpb_column vc_column_container vc_col-sm-12\"><div class=\"vc_column-inner\"><div class=\"wpb_wrapper\"><div class=\"vc_empty_space\"   style=\"height: 32px\"><span class=\"vc_empty_space_inner\"><\/span><\/div>\n\t<div  class=\"wpb_single_image wpb_content_element vc_align_left\">\n\t\t\n\t\t<figure class=\"wpb_wrapper vc_figure\">\n\t\t\t<a href=\"https:\/\/ageport.com\/\" target=\"_self\" class=\"vc_single_image-wrapper   vc_box_border_grey\"><img loading=\"lazy\" decoding=\"async\" width=\"150\" height=\"150\" src=\"https:\/\/tigmconsulting-us.com\/wp-content\/uploads\/2019\/12\/agport.jpg\" class=\"vc_single_image-img attachment-thumbnail\" alt=\"Logo-agport\" \/><\/a>\n\t\t<\/figure>\n\t<\/div>\n<div class=\"vc_empty_space\"   style=\"height: 32px\"><span class=\"vc_empty_space_inner\"><\/span><\/div>\n\t<div class=\"wpb_text_column wpb_content_element\" >\n\t\t<div class=\"wpb_wrapper\">\n\t\t\t<p><strong><span class=\"NormalTextRun SCXW253823239 BCX0\"><em>Company name: <\/em><\/span><\/strong><span class=\"NormalTextRun SCXW253823239 BCX0\">Ageport<\/span><\/p>\n<p><strong><em><span class=\"NormalTextRun SCXW253823239 BCX0\">Project name<\/span><\/em><span class=\"NormalTextRun SCXW253823239 BCX0\"><em>: <\/em><\/span><\/strong><span class=\"NormalTextRun SCXW253823239 BCX0\">Implementation of the SAP Sales &amp; Service cloud solution for the sales and customer service areas<\/span><\/p>\n<p><em><strong><span class=\"NormalTextRun SCXW112463203 BCX0\">Project dates<\/span><\/strong><\/em><span class=\"NormalTextRun SCXW112463203 BCX0\"><em><strong>:\u00a0<\/strong><\/em>sept. 2020 \u2013 May. 2022<\/span><\/p>\n<p><em><strong>Project Scope<\/strong><\/em>: Implementation of the SAP Sales &amp; Service cloud solution for the sales and customer service areas with the following scope of processes:<br \/>\n\u2013 Implementation without integration to the shipping management system<br \/>\n\u2013 Implementation of the B2B demand generation and commercial management process<br \/>\n\u2013 Implementation of customs management process<br \/>\n\u2013 Implementation of BLs management process integrated with Shipping Companies<br \/>\n\u2013 Support in operational continuity and continuous improvement.<\/p>\n<p><em><span class=\"TextRun SCXW203391881 BCX0\" lang=\"ES-ES\" xml:lang=\"ES-ES\" data-contrast=\"auto\"><span class=\"NormalTextRun SCXW203391881 BCX0\"><strong>Industry:<\/strong>\u00a0<\/span><\/span><\/em>Marine transport<\/p>\n<p><em><strong>Country:<\/strong>\u00a0<\/em>Dominican Republic<\/p>\n<p><em><strong>Web page<\/strong><\/em>: <a href=\"https:\/\/ageport.com\/\">https:\/\/ageport.com\/<\/a><\/p>\n\n\t\t<\/div>\n\t<\/div>\n<div class=\"vc_empty_space\"   style=\"height: 32px\"><span class=\"vc_empty_space_inner\"><\/span><\/div><div class=\"vc_separator wpb_content_element vc_separator_align_center vc_sep_width_100 vc_sep_border_width_3 vc_sep_pos_align_center vc_separator_no_text vc_sep_color_grey\" ><span class=\"vc_sep_holder vc_sep_holder_l\"><span  class=\"vc_sep_line\"><\/span><\/span><span class=\"vc_sep_holder vc_sep_holder_r\"><span  class=\"vc_sep_line\"><\/span><\/span>\n<\/div><div class=\"vc_empty_space\"   style=\"height: 32px\"><span class=\"vc_empty_space_inner\"><\/span><\/div>\n\t<div  class=\"wpb_single_image wpb_content_element vc_align_left\">\n\t\t\n\t\t<figure class=\"wpb_wrapper vc_figure\">\n\t\t\t<a href=\"https:\/\/www.comfenalcoantioquia.com.co\/\" target=\"_self\" class=\"vc_single_image-wrapper   vc_box_border_grey\"><img loading=\"lazy\" decoding=\"async\" width=\"150\" height=\"150\" src=\"https:\/\/tigmconsulting-us.com\/wp-content\/uploads\/2019\/12\/comfenalco.jpg\" class=\"vc_single_image-img attachment-thumbnail\" alt=\"logo-comfenalco\" \/><\/a>\n\t\t<\/figure>\n\t<\/div>\n<div class=\"vc_empty_space\"   style=\"height: 32px\"><span class=\"vc_empty_space_inner\"><\/span><\/div>\n\t<div class=\"wpb_text_column wpb_content_element\" >\n\t\t<div class=\"wpb_wrapper\">\n\t\t\t<p><strong><span class=\"NormalTextRun SCXW253823239 BCX0\"><em>Company name: <\/em><\/span><\/strong><span class=\"NormalTextRun SCXW253823239 BCX0\">Comfenalco Antioquia<\/span><\/p>\n<p><em><strong>Project name:<\/strong><\/em> Support for improvements in SAP Sales &amp; Service Cloud<\/p>\n<p><em><strong><span class=\"NormalTextRun SCXW112463203 BCX0\">Project dates<\/span><\/strong><\/em><span class=\"NormalTextRun SCXW112463203 BCX0\"><em><strong>:\u00a0<\/strong><\/em>sea. 2018 \u2013 Dec. 2018<\/span><\/p>\n<p><em><strong>Project scope:<\/strong><\/em> Implementation of the SAP Sales &amp; Service cloud solution for sales areas with the following scope of processes:<br \/>\n\u2013 Support and improvement in reports and analytics on the SAP Sales Cloud platform<\/p>\n<p><em><span class=\"TextRun SCXW203391881 BCX0\" lang=\"ES-ES\" xml:lang=\"ES-ES\" data-contrast=\"auto\"><span class=\"NormalTextRun SCXW203391881 BCX0\"><strong>Industry: <\/strong><\/span><\/span><\/em><span class=\"TextRun SCXW203391881 BCX0\" lang=\"ES-ES\" xml:lang=\"ES-ES\" data-contrast=\"auto\"><span class=\"NormalTextRun SCXW203391881 BCX0\">Services for the individual and family<\/span><\/span><\/p>\n<p><span class=\"TextRun SCXW38490387 BCX0\" lang=\"ES-ES\" xml:lang=\"ES-ES\" data-contrast=\"auto\"><span class=\"NormalTextRun SCXW38490387 BCX0\"><em><strong>Country:<\/strong>\u00a0<\/em>Medellin, Antioquia, Colombia<\/span><\/span><\/p>\n<p><em><strong>Web page:<\/strong><\/em> <a href=\"https:\/\/www.comfenalcoantioquia.com.co\/\">https:\/\/www.comfenalcoantioquia.com.co\/<\/a><\/p>\n\n\t\t<\/div>\n\t<\/div>\n<div class=\"vc_empty_space\"   style=\"height: 32px\"><span class=\"vc_empty_space_inner\"><\/span><\/div><div class=\"vc_separator wpb_content_element vc_separator_align_center vc_sep_width_100 vc_sep_border_width_3 vc_sep_pos_align_center vc_separator_no_text vc_sep_color_grey\" ><span class=\"vc_sep_holder vc_sep_holder_l\"><span  class=\"vc_sep_line\"><\/span><\/span><span class=\"vc_sep_holder vc_sep_holder_r\"><span  class=\"vc_sep_line\"><\/span><\/span>\n<\/div><div class=\"vc_empty_space\"   style=\"height: 32px\"><span class=\"vc_empty_space_inner\"><\/span><\/div>\n\t<div  class=\"wpb_single_image wpb_content_element vc_align_left\">\n\t\t\n\t\t<figure class=\"wpb_wrapper vc_figure\">\n\t\t\t<a href=\"https:\/\/www.informacolombia.com\/\" target=\"_self\" class=\"vc_single_image-wrapper   vc_box_border_grey\"><img loading=\"lazy\" decoding=\"async\" width=\"150\" height=\"62\" src=\"https:\/\/tigmconsulting-us.com\/wp-content\/uploads\/2022\/05\/admin-ajax-_3_.jpg\" class=\"vc_single_image-img attachment-thumbnail\" alt=\"\" \/><\/a>\n\t\t<\/figure>\n\t<\/div>\n<div class=\"vc_empty_space\"   style=\"height: 32px\"><span class=\"vc_empty_space_inner\"><\/span><\/div>\n\t<div class=\"wpb_text_column wpb_content_element\" >\n\t\t<div class=\"wpb_wrapper\">\n\t\t\t<p><strong><span class=\"NormalTextRun SCXW253823239 BCX0\"><em>Company name: <\/em><\/span><\/strong><span class=\"NormalTextRun SCXW253823239 BCX0\">INFORMA Colombia<\/span><\/p>\n<p><em><strong>Project name:<\/strong><\/em> Implementation of SAP C4C for the business process<\/p>\n<p><em><strong><span class=\"NormalTextRun SCXW112463203 BCX0\">Project dates<\/span><\/strong><\/em><span class=\"NormalTextRun SCXW112463203 BCX0\"><em><strong>:\u00a0<\/strong><\/em>dec. 2017 \u2013 May. 2018<\/span><\/p>\n<p><em><strong>Project Scope:<\/strong><\/em><br \/>\n\u2013 Commercial management process<br \/>\n\u2013 Customer service process, requests, complaints and claims<\/p>\n<p><em><span class=\"TextRun SCXW203391881 BCX0\" lang=\"ES-ES\" xml:lang=\"ES-ES\" data-contrast=\"auto\"><span class=\"NormalTextRun SCXW203391881 BCX0\"><strong>Industry: <\/strong><\/span><\/span><\/em><span class=\"TextRun SCXW203391881 BCX0\" lang=\"ES-ES\" xml:lang=\"ES-ES\" data-contrast=\"auto\"><span class=\"NormalTextRun SCXW203391881 BCX0\">Information services<\/span><\/span><\/p>\n<p><span class=\"TextRun SCXW38490387 BCX0\" lang=\"ES-ES\" xml:lang=\"ES-ES\" data-contrast=\"auto\"><span class=\"NormalTextRun SCXW38490387 BCX0\"><em><strong>Country:<\/strong>\u00a0<\/em>Bogot\u00e1, Capital District, Colombia<\/span><\/span><\/p>\n<p><em><strong>Web page:<\/strong><\/em> <a href=\"https:\/\/www.informacolombia.com\/\">https:\/\/www.informacolombia.com\/<\/a><\/p>\n\n\t\t<\/div>\n\t<\/div>\n<div class=\"vc_empty_space\"   style=\"height: 32px\"><span class=\"vc_empty_space_inner\"><\/span><\/div><div class=\"vc_empty_space\"   style=\"height: 32px\"><span class=\"vc_empty_space_inner\"><\/span><\/div><div class=\"vc_separator wpb_content_element vc_separator_align_center vc_sep_width_100 vc_sep_border_width_3 vc_sep_pos_align_center vc_separator_no_text vc_sep_color_grey\" ><span class=\"vc_sep_holder vc_sep_holder_l\"><span  class=\"vc_sep_line\"><\/span><\/span><span class=\"vc_sep_holder vc_sep_holder_r\"><span  class=\"vc_sep_line\"><\/span><\/span>\n<\/div><div class=\"vc_empty_space\"   style=\"height: 32px\"><span class=\"vc_empty_space_inner\"><\/span><\/div>\n\t<div  class=\"wpb_single_image wpb_content_element vc_align_left\">\n\t\t\n\t\t<figure class=\"wpb_wrapper vc_figure\">\n\t\t\t<div class=\"vc_single_image-wrapper   vc_box_border_grey\"><img loading=\"lazy\" decoding=\"async\" width=\"100\" height=\"100\" src=\"https:\/\/tigmconsulting-us.com\/wp-content\/uploads\/2022\/06\/1628203709348.jpg\" class=\"vc_single_image-img attachment-thumbnail\" alt=\"\" srcset=\"https:\/\/tigmconsulting-us.com\/wp-content\/uploads\/2022\/06\/1628203709348.jpg 100w, https:\/\/tigmconsulting-us.com\/wp-content\/uploads\/2022\/06\/1628203709348-12x12.jpg 12w\" sizes=\"(max-width: 100px) 100vw, 100px\" \/><\/div>\n\t\t<\/figure>\n\t<\/div>\n<div class=\"vc_empty_space\"   style=\"height: 32px\"><span class=\"vc_empty_space_inner\"><\/span><\/div>\n\t<div class=\"wpb_text_column wpb_content_element\" >\n\t\t<div class=\"wpb_wrapper\">\n\t\t\t<p><strong><span class=\"NormalTextRun SCXW253823239 BCX0\"><em>Company name: <\/em><\/span><\/strong><span class=\"NormalTextRun SCXW253823239 BCX0\">Colsubsidy<\/span><\/p>\n<p><em><strong>Project name:<\/strong><\/em> Implementation of SAP CRM E-commerce for the pharmacies business unit.<\/p>\n<p><em><strong>Project dates: <\/strong><\/em>dec. 2008 \u2013 July 2009<\/p>\n<p><em><strong>Project scope:<\/strong><\/em><\/p>\n<p>Preparation and Monitoring of Project Progress.<br \/>\n\u2013 Understanding of requirements and solution design<br \/>\n\u2013 Quality assurance of implementation.<br \/>\n\u2013 The functional scope of the project was:<br \/>\n- Master data:<br \/>\n- Organizational structure.<br \/>\n\u2013 Commercial Interlocutor.<br \/>\n\u2013 Products and Prices.<br \/>\n\u2013 Middleware:<br \/>\n\u2013 Integration with ERP for configuration migration.<br \/>\n- Sales:<br \/>\n\u2013 Management of Sales Orders.<br \/>\n\u2013 Replication of Sales Orders to ERP.<br \/>\n\u2013 Continuity of the Delivery and payment process in ERP.<br \/>\n\u2013 B2B and B2C e-commerce for the sale of pharmacy products.<\/p>\n<p><em><strong>Industry: <\/strong><\/em>Non-profit organizations<\/p>\n<p><em><strong>Country:\u00a0<\/strong><\/em>Colombia<\/p>\n<p><em><strong>Web page: <\/strong><\/em><a href=\"https:\/\/www.drogueriascolsubsidio.com\/\">https:\/\/www.drogueriascolsubsidio.com\/<\/a><\/p>\n\n\t\t<\/div>\n\t<\/div>\n<div class=\"vc_empty_space\"   style=\"height: 32px\"><span class=\"vc_empty_space_inner\"><\/span><\/div><div class=\"vc_empty_space\"   style=\"height: 32px\"><span class=\"vc_empty_space_inner\"><\/span><\/div><div class=\"vc_separator wpb_content_element vc_separator_align_center vc_sep_width_100 vc_sep_border_width_3 vc_sep_pos_align_center vc_separator_no_text vc_sep_color_grey\" ><span class=\"vc_sep_holder vc_sep_holder_l\"><span  class=\"vc_sep_line\"><\/span><\/span><span class=\"vc_sep_holder vc_sep_holder_r\"><span  class=\"vc_sep_line\"><\/span><\/span>\n<\/div><div class=\"vc_empty_space\"   style=\"height: 32px\"><span class=\"vc_empty_space_inner\"><\/span><\/div>\n\t<div  class=\"wpb_single_image wpb_content_element vc_align_left\">\n\t\t\n\t\t<figure class=\"wpb_wrapper vc_figure\">\n\t\t\t<div class=\"vc_single_image-wrapper   vc_box_border_grey\"><img loading=\"lazy\" decoding=\"async\" width=\"100\" height=\"100\" src=\"https:\/\/tigmconsulting-us.com\/wp-content\/uploads\/2022\/06\/1590111552575.jpg\" class=\"vc_single_image-img attachment-thumbnail\" alt=\"\" srcset=\"https:\/\/tigmconsulting-us.com\/wp-content\/uploads\/2022\/06\/1590111552575.jpg 100w, https:\/\/tigmconsulting-us.com\/wp-content\/uploads\/2022\/06\/1590111552575-12x12.jpg 12w\" sizes=\"(max-width: 100px) 100vw, 100px\" \/><\/div>\n\t\t<\/figure>\n\t<\/div>\n<div class=\"vc_empty_space\"   style=\"height: 32px\"><span class=\"vc_empty_space_inner\"><\/span><\/div>\n\t<div class=\"wpb_text_column wpb_content_element\" >\n\t\t<div class=\"wpb_wrapper\">\n\t\t\t<p><strong><span class=\"NormalTextRun SCXW253823239 BCX0\"><em>Company name: <\/em><\/span><\/strong><span class=\"NormalTextRun SCXW253823239 BCX0\">Teledata<\/span><\/p>\n<p><em><strong>Project name:<\/strong><\/em> Consultant member of the evaluation and operational diagnosis team of the Call Center Teledatos,<\/p>\n<p><em><strong>Project dates:<\/strong><\/em> oct. 1999 \u2013 Dec. 1999<\/p>\n<p><em><strong>Project scope:<\/strong><\/em><\/p>\n<p>Teledata Call Center operational diagnosis<\/p>\n<p><em><strong>Industry:<\/strong><\/em> Outsourcing and relocation advice<\/p>\n<p><em><strong>Country:<\/strong><\/em> Colombia<\/p>\n<p><em><strong>Web page:<\/strong><\/em><a href=\"https:\/\/teleperformance.com\/en-us\/locations\/colombia-site\/colombia\/\"> https:\/\/teleperformance.com\/en-us\/locations\/colombia-site\/colombia\/<\/a><\/p>\n\n\t\t<\/div>\n\t<\/div>\n<div class=\"vc_empty_space\"   style=\"height: 32px\"><span class=\"vc_empty_space_inner\"><\/span><\/div><div class=\"vc_separator wpb_content_element vc_separator_align_center vc_sep_width_100 vc_sep_border_width_3 vc_sep_pos_align_center vc_separator_no_text vc_sep_color_grey\" ><span class=\"vc_sep_holder vc_sep_holder_l\"><span  class=\"vc_sep_line\"><\/span><\/span><span class=\"vc_sep_holder vc_sep_holder_r\"><span  class=\"vc_sep_line\"><\/span><\/span>\n<\/div><div class=\"vc_empty_space\"   style=\"height: 32px\"><span class=\"vc_empty_space_inner\"><\/span><\/div>\n\t<div  class=\"wpb_single_image wpb_content_element vc_align_left\">\n\t\t\n\t\t<figure class=\"wpb_wrapper vc_figure\">\n\t\t\t<div class=\"vc_single_image-wrapper   vc_box_border_grey\"><img loading=\"lazy\" decoding=\"async\" width=\"100\" height=\"100\" src=\"https:\/\/tigmconsulting-us.com\/wp-content\/uploads\/2022\/06\/AnyConv.com__1548868170653.jpg\" class=\"vc_single_image-img attachment-thumbnail\" alt=\"\" srcset=\"https:\/\/tigmconsulting-us.com\/wp-content\/uploads\/2022\/06\/AnyConv.com__1548868170653.jpg 100w, https:\/\/tigmconsulting-us.com\/wp-content\/uploads\/2022\/06\/AnyConv.com__1548868170653-12x12.jpg 12w\" sizes=\"(max-width: 100px) 100vw, 100px\" \/><\/div>\n\t\t<\/figure>\n\t<\/div>\n<div class=\"vc_empty_space\"   style=\"height: 32px\"><span class=\"vc_empty_space_inner\"><\/span><\/div>\n\t<div class=\"wpb_text_column wpb_content_element\" >\n\t\t<div class=\"wpb_wrapper\">\n\t\t\t<p><strong><span class=\"NormalTextRun SCXW253823239 BCX0\"><em>Company name: <\/em><\/span><\/strong><span class=\"NormalTextRun SCXW253823239 BCX0\">CAFAM<\/span><\/p>\n<p><em><strong>Project name:<\/strong><\/em> SAP ERP implementation at CAFAM.<\/p>\n<p><em><strong>Project dates: <\/strong><\/em>feb. 1998 \u2013 Nov. 1998<\/p>\n<p><em><strong>Project scope: <\/strong><\/em>SAP ERP implementation project<\/p>\n<p>Developed and tested ABAP data migration programs and necessary interfaces for FI, HR and LO modules.<\/p>\n<p><em><strong>Industry:<\/strong><\/em> Services for the individual and family<\/p>\n<p><em><strong>Country:<\/strong> <\/em>Colombia<\/p>\n<p><em><strong>Web page:<\/strong><\/em> <a href=\"https:\/\/www.cafam.com.co\/\">https:\/\/www.cafam.com.co\/<\/a><\/p>\n\n\t\t<\/div>\n\t<\/div>\n<\/div><\/div><\/div><\/div><div class=\"vc_row-full-width vc_clearfix\"><\/div>","protected":false},"excerpt":{"rendered":"Experience - Industry - Services We are passionate about improving customer management and customer experience processes for each of our clients by applying best practices, requirements, and strategies specific to their business, along with our prior experience. Below is our project experience to date: Company Name: Ageport Project Name: Implementation [...]","protected":false},"author":1,"featured_media":0,"parent":0,"menu_order":0,"comment_status":"closed","ping_status":"closed","template":"","meta":{"footnotes":""},"categories":[47,37],"tags":[46],"class_list":["post-941","page","type-page","status-publish","hentry","category-experiencia-tigm-consulting","category-industria-servicios","tag-experienciatigmconsulting"],"yoast_head":"<!-- This site is optimized with the Yoast SEO plugin v22.9 - https:\/\/yoast.com\/wordpress\/plugins\/seo\/ -->\n<title>Experiencia - Industria - Servicios - TIGM Consulting<\/title>\n<meta name=\"robots\" content=\"index, follow, max-snippet:-1, max-image-preview:large, max-video-preview:-1\" \/>\n<link rel=\"canonical\" href=\"https:\/\/tigmconsulting-us.com\/en\/experiencia-industria-servicios\/\" \/>\n<meta property=\"og:locale\" content=\"en_US\" \/>\n<meta property=\"og:type\" content=\"article\" \/>\n<meta property=\"og:title\" content=\"Experiencia - Industria - Servicios - TIGM Consulting\" \/>\n<meta property=\"og:url\" content=\"https:\/\/tigmconsulting-us.com\/en\/experiencia-industria-servicios\/\" \/>\n<meta property=\"og:site_name\" content=\"TIGM Consulting\" \/>\n<meta property=\"article:modified_time\" content=\"2022-06-11T17:22:11+00:00\" \/>\n<meta name=\"twitter:card\" content=\"summary_large_image\" \/>\n<meta name=\"twitter:label1\" content=\"Est. reading time\" \/>\n\t<meta name=\"twitter:data1\" content=\"3 minutes\" \/>\n<script type=\"application\/ld+json\" class=\"yoast-schema-graph\">{\"@context\":\"https:\/\/schema.org\",\"@graph\":[{\"@type\":\"WebPage\",\"@id\":\"https:\/\/tigmconsulting-us.com\/experiencia-industria-servicios\/\",\"url\":\"https:\/\/tigmconsulting-us.com\/experiencia-industria-servicios\/\",\"name\":\"Experiencia - Industria - Servicios - TIGM Consulting\",\"isPartOf\":{\"@id\":\"https:\/\/tigmconsulting-us.com\/#website\"},\"datePublished\":\"2022-06-10T23:33:26+00:00\",\"dateModified\":\"2022-06-11T17:22:11+00:00\",\"breadcrumb\":{\"@id\":\"https:\/\/tigmconsulting-us.com\/experiencia-industria-servicios\/#breadcrumb\"},\"inLanguage\":\"en-US\",\"potentialAction\":[{\"@type\":\"ReadAction\",\"target\":[\"https:\/\/tigmconsulting-us.com\/experiencia-industria-servicios\/\"]}]},{\"@type\":\"BreadcrumbList\",\"@id\":\"https:\/\/tigmconsulting-us.com\/experiencia-industria-servicios\/#breadcrumb\",\"itemListElement\":[{\"@type\":\"ListItem\",\"position\":1,\"name\":\"Home\",\"item\":\"https:\/\/tigmconsulting-us.com\/\"},{\"@type\":\"ListItem\",\"position\":2,\"name\":\"Experiencia &#8211; Industria &#8211; Servicios\"}]},{\"@type\":\"WebSite\",\"@id\":\"https:\/\/tigmconsulting-us.com\/#website\",\"url\":\"https:\/\/tigmconsulting-us.com\/\",\"name\":\"TIGM Consulting\",\"description\":\"Tecnolog\u00eda e innovaci\u00f3n en gesti\u00f3n de mercado\",\"publisher\":{\"@id\":\"https:\/\/tigmconsulting-us.com\/#organization\"},\"potentialAction\":[{\"@type\":\"SearchAction\",\"target\":{\"@type\":\"EntryPoint\",\"urlTemplate\":\"https:\/\/tigmconsulting-us.com\/?s={search_term_string}\"},\"query-input\":\"required name=search_term_string\"}],\"inLanguage\":\"en-US\"},{\"@type\":\"Organization\",\"@id\":\"https:\/\/tigmconsulting-us.com\/#organization\",\"name\":\"TIGM\",\"url\":\"https:\/\/tigmconsulting-us.com\/\",\"logo\":{\"@type\":\"ImageObject\",\"inLanguage\":\"en-US\",\"@id\":\"https:\/\/tigmconsulting-us.com\/#\/schema\/logo\/image\/\",\"url\":\"https:\/\/tigmconsulting-us.com\/wp-content\/uploads\/2019\/11\/img-logo-v1.png\",\"contentUrl\":\"https:\/\/tigmconsulting-us.com\/wp-content\/uploads\/2019\/11\/img-logo-v1.png\",\"width\":139,\"height\":113,\"caption\":\"TIGM\"},\"image\":{\"@id\":\"https:\/\/tigmconsulting-us.com\/#\/schema\/logo\/image\/\"}}]}<\/script>\n<!-- \/ Yoast SEO plugin. -->","yoast_head_json":{"title":"Experiencia - Industria - Servicios - TIGM Consulting","robots":{"index":"index","follow":"follow","max-snippet":"max-snippet:-1","max-image-preview":"max-image-preview:large","max-video-preview":"max-video-preview:-1"},"canonical":"https:\/\/tigmconsulting-us.com\/en\/experiencia-industria-servicios\/","og_locale":"en_US","og_type":"article","og_title":"Experiencia - Industria - Servicios - TIGM Consulting","og_url":"https:\/\/tigmconsulting-us.com\/en\/experiencia-industria-servicios\/","og_site_name":"TIGM Consulting","article_modified_time":"2022-06-11T17:22:11+00:00","twitter_card":"summary_large_image","twitter_misc":{"Est. reading time":"3 minutes"},"schema":{"@context":"https:\/\/schema.org","@graph":[{"@type":"WebPage","@id":"https:\/\/tigmconsulting-us.com\/experiencia-industria-servicios\/","url":"https:\/\/tigmconsulting-us.com\/experiencia-industria-servicios\/","name":"Experiencia - Industria - Servicios - TIGM Consulting","isPartOf":{"@id":"https:\/\/tigmconsulting-us.com\/#website"},"datePublished":"2022-06-10T23:33:26+00:00","dateModified":"2022-06-11T17:22:11+00:00","breadcrumb":{"@id":"https:\/\/tigmconsulting-us.com\/experiencia-industria-servicios\/#breadcrumb"},"inLanguage":"en-US","potentialAction":[{"@type":"ReadAction","target":["https:\/\/tigmconsulting-us.com\/experiencia-industria-servicios\/"]}]},{"@type":"BreadcrumbList","@id":"https:\/\/tigmconsulting-us.com\/experiencia-industria-servicios\/#breadcrumb","itemListElement":[{"@type":"ListItem","position":1,"name":"Home","item":"https:\/\/tigmconsulting-us.com\/"},{"@type":"ListItem","position":2,"name":"Experiencia &#8211; Industria &#8211; Servicios"}]},{"@type":"WebSite","@id":"https:\/\/tigmconsulting-us.com\/#website","url":"https:\/\/tigmconsulting-us.com\/","name":"TIGM Consulting","description":"Tecnolog\u00eda e innovaci\u00f3n en gesti\u00f3n de mercado","publisher":{"@id":"https:\/\/tigmconsulting-us.com\/#organization"},"potentialAction":[{"@type":"SearchAction","target":{"@type":"EntryPoint","urlTemplate":"https:\/\/tigmconsulting-us.com\/?s={search_term_string}"},"query-input":"required name=search_term_string"}],"inLanguage":"en-US"},{"@type":"Organization","@id":"https:\/\/tigmconsulting-us.com\/#organization","name":"TIGM","url":"https:\/\/tigmconsulting-us.com\/","logo":{"@type":"ImageObject","inLanguage":"en-US","@id":"https:\/\/tigmconsulting-us.com\/#\/schema\/logo\/image\/","url":"https:\/\/tigmconsulting-us.com\/wp-content\/uploads\/2019\/11\/img-logo-v1.png","contentUrl":"https:\/\/tigmconsulting-us.com\/wp-content\/uploads\/2019\/11\/img-logo-v1.png","width":139,"height":113,"caption":"TIGM"},"image":{"@id":"https:\/\/tigmconsulting-us.com\/#\/schema\/logo\/image\/"}}]}},"_links":{"self":[{"href":"https:\/\/tigmconsulting-us.com\/en\/wp-json\/wp\/v2\/pages\/941"}],"collection":[{"href":"https:\/\/tigmconsulting-us.com\/en\/wp-json\/wp\/v2\/pages"}],"about":[{"href":"https:\/\/tigmconsulting-us.com\/en\/wp-json\/wp\/v2\/types\/page"}],"author":[{"embeddable":true,"href":"https:\/\/tigmconsulting-us.com\/en\/wp-json\/wp\/v2\/users\/1"}],"replies":[{"embeddable":true,"href":"https:\/\/tigmconsulting-us.com\/en\/wp-json\/wp\/v2\/comments?post=941"}],"version-history":[{"count":4,"href":"https:\/\/tigmconsulting-us.com\/en\/wp-json\/wp\/v2\/pages\/941\/revisions"}],"predecessor-version":[{"id":969,"href":"https:\/\/tigmconsulting-us.com\/en\/wp-json\/wp\/v2\/pages\/941\/revisions\/969"}],"wp:attachment":[{"href":"https:\/\/tigmconsulting-us.com\/en\/wp-json\/wp\/v2\/media?parent=941"}],"wp:term":[{"taxonomy":"category","embeddable":true,"href":"https:\/\/tigmconsulting-us.com\/en\/wp-json\/wp\/v2\/categories?post=941"},{"taxonomy":"post_tag","embeddable":true,"href":"https:\/\/tigmconsulting-us.com\/en\/wp-json\/wp\/v2\/tags?post=941"}],"curies":[{"name":"wp","href":"https:\/\/api.w.org\/{rel}","templated":true}]}}